{"id":14,"date":"2021-07-08T15:47:21","date_gmt":"2021-07-08T13:47:21","guid":{"rendered":"http:\/\/xoqeuee.cluster028.hosting.ovh.net\/?page_id=14"},"modified":"2022-06-04T11:41:25","modified_gmt":"2022-06-04T09:41:25","slug":"accueil","status":"publish","type":"page","link":"https:\/\/stcojardin.fr\/","title":{"rendered":"Accueil"},"content":{"rendered":"\n<figure class=\"wp-block-image size-full is-resized is-style-default\"><img loading=\"lazy\" decoding=\"async\" src=\"http:\/\/xoqeuee.cluster028.hosting.ovh.net\/wp-content\/uploads\/2021\/08\/Lanse-du-Po\u0302-et-le-jardin.001.jpeg\" alt=\"\" class=\"wp-image-123\" width=\"899\" height=\"669\"\/><figcaption>Le StCojardin avec l&#8217;anse du P\u00f4 en arri\u00e8re plan<\/figcaption><\/figure>\n\n\n\n<p>St Co Jardin<\/p>\n\n\n\n<p>Tout a commenc\u00e9 en 2018 par une r\u00e9union organis\u00e9e par quelques femmes qui ont cr\u00e9\u00e9 l\u2019association Dolmen des Possibles. Plusieurs participants \u00e0 cette r\u00e9union se sont regroup\u00e9s sur le th\u00e8me de cr\u00e9er un jardin partag\u00e9.<br>Nous avons exp\u00e9riment\u00e9 la cr\u00e9ation d\u2019un premier jardin au Runel \u00e0 Carnac qui continue.<br>En 2021, l\u2019opportunit\u00e9 s\u2019est pr\u00e9sent\u00e9e de pouvoir acqu\u00e9rir un terrain \u00e0 Saint Colomban dans ce lieu magnifique, rempli d\u2019histoires, de vie, \u00e0 proximit\u00e9 de la fontaine et de la Chapelle de saint Colomban.<br>En Mai 2021, l\u2019association&nbsp;St Co Jardin a \u00e9t\u00e9 cr\u00e9\u00e9.<br>Le jardin de St Co a r\u00e9uni une \u00e9quipe de femmes et d\u2019hommes sensibilis\u00e9s \u00e0 cr\u00e9er ensemble ce jardin pour retrouver du lien avec la nature, la respecter, exp\u00e9rimenter de nouvelles m\u00e9thodes plus en harmonie avec la nature, et surtout de re-cr\u00e9er des liens entre les membres mais aussi, avec d\u2019autres jardiniers, des cultivateurs, des jardiniers-paysagistes, la Biocoop, la municipalit\u00e9, \u2026<br>Nous ressentons tous que notre monde en train de vivre une profonde mutation. Nous devons changer notre regard sur la production \u00e0 proximit\u00e9 de l\u00e9gumes, de fruits, d\u2019apprendre \u00e0 co-op\u00e9rer avec la nature pour mieux produire.<br>Dans cet environnement, l\u2019histoire de ce terrain donne le sentiment de lui redonner de la vitalit\u00e9 apr\u00e8s un long temps de repos. L\u2019eau de la fontaine facilite la culture de nos plantes.<br>Nous avons \u00e0 apprendre et \u00e0 trouver les bonnes m\u00e9thodes de culture, de gouvernance pour g\u00e9rer au mieux ce jardin partag\u00e9. Soyons inventifs. Continuons \u00e0 exp\u00e9rimenter et \u00e0 partager.<br>Jean-Marie et Nicole Deberdt ainsi que leurs enfants sont heureux de confier ce terrain \u00e0 l\u2019association St Co jardin pour cultiver et produire ensemble puis de partager entre nous la production et les surplus avec les plus d\u00e9munis mais aussi de contribuer \u00e0 cr\u00e9er des liens autour de nous, d\u2019inciter ceux qui souhaitent se lancer dans un jardin en permaculture.<br>Merci \u00e0 celles et ceux qui ont donn\u00e9 de leurs temps, partag\u00e9 leurs comp\u00e9tences pour faire vivre ce projet. Apr\u00e8s 9 mois de travail en commun, ce jardin est une r\u00e9ussite et attire.<br>Les visiteurs sont surpris de ce qui a \u00e9t\u00e9 r\u00e9alis\u00e9 en si peu de temps et des r\u00e9sultats obtenus pour une premi\u00e8re ann\u00e9e. On attend nous dire&nbsp;: c\u2019est un jardin d\u2019Eden. Il y a de bonne vibration dans ce jardin. On se sent bien dans ce jardin\u2026..<br>Merci \u00e0 chacun d\u2019entre vous de vos apports, nous pouvons \u00eatre fier de ce qui a \u00e9t\u00e9 r\u00e9alis\u00e9 et de la bonne entente partag\u00e9e.<br>Continuons \u00e0 cr\u00e9er de bonnes vibrations sur ce terrain pour attirer d\u2019autres membres dans le temps afin de poursuivre ce jardin partag\u00e9 avec le m\u00eame esprit.<\/p>\n\n\n\n<p>Carnac , le 1 octobre 2021 Jean-Marie DEBERDT<\/p>\n","protected":false},"excerpt":{"rendered":"<p>St Co Jardin Tout a commenc\u00e9 en 2018 par une r\u00e9union organis\u00e9e par quelques femmes qui ont cr\u00e9\u00e9 l\u2019association Dolmen des Possibles. Plusieurs participants \u00e0 cette r\u00e9union se sont regroup\u00e9s sur le th\u00e8me de cr\u00e9er [&#8230;]<\/p>\n","protected":false},"author":1,"featured_media":0,"parent":0,"menu_order":0,"comment_status":"closed","ping_status":"closed","template":"templates\/template-sidebar-right.php","meta":{"footnotes":""},"class_list":["post-14","page","type-page","status-publish","hentry"],"_links":{"self":[{"href":"https:\/\/stcojardin.fr\/index.php\/wp-json\/wp\/v2\/pages\/14","targetHints":{"allow":["GET"]}}],"collection":[{"href":"https:\/\/stcojardin.fr\/index.php\/wp-json\/wp\/v2\/pages"}],"about":[{"href":"https:\/\/stcojardin.fr\/index.php\/wp-json\/wp\/v2\/types\/page"}],"author":[{"embeddable":true,"href":"https:\/\/stcojardin.fr\/index.php\/wp-json\/wp\/v2\/users\/1"}],"replies":[{"embeddable":true,"href":"https:\/\/stcojardin.fr\/index.php\/wp-json\/wp\/v2\/comments?post=14"}],"version-history":[{"count":19,"href":"https:\/\/stcojardin.fr\/index.php\/wp-json\/wp\/v2\/pages\/14\/revisions"}],"predecessor-version":[{"id":1460,"href":"https:\/\/stcojardin.fr\/index.php\/wp-json\/wp\/v2\/pages\/14\/revisions\/1460"}],"wp:attachment":[{"href":"https:\/\/stcojardin.fr\/index.php\/wp-json\/wp\/v2\/media?parent=14"}],"curies":[{"name":"wp","href":"https:\/\/api.w.org\/{rel}","templated":true}]}}