{"id":1463,"date":"2024-01-17T15:25:58","date_gmt":"2024-01-17T14:25:58","guid":{"rendered":"http:\/\/xoqeuee.cluster028.hosting.ovh.net\/?page_id=1463"},"modified":"2024-01-24T15:07:09","modified_gmt":"2024-01-24T14:07:09","slug":"une-microforet-a-saint-colomban-une-lubie-devenue-une-realite","status":"publish","type":"page","link":"https:\/\/stcojardin.fr\/index.php\/une-microforet-a-saint-colomban-une-lubie-devenue-une-realite\/","title":{"rendered":"Une microfor\u00eat \u00e0 Saint Colomban : une lubie devenue une r\u00e9alit\u00e9"},"content":{"rendered":"\n<p>Le projet se d\u00e9veloppe dans le contexte particulier d&#8217;un r\u00e9chauffement climatique, et d&#8217;autres \u00e9v\u00e8nements climatiques comme les temp\u00eates: en Bretagne, sur la c\u00f4te, nous avons v\u00e9cu en 2022 une canicule qui s\u2019est r\u00e9p\u00e9t\u00e9e en 3 cycles d\u2019une dizaine de jours en juin, juillet et ao\u00fbt (avec un arr\u00eat v\u00e9g\u00e9tatif) et cette ann\u00e9e 2023 une pluviosit\u00e9 importante pendant presque trois mois. <\/p>\n\n\n\n<p>Notre \u00e9poque vit aussi une baisse importante de la biodiversit\u00e9 avec la chute du nombre d\u2019esp\u00e8ces, de l\u2019insecte \u00e0 la population d\u2019oiseaux\u2026 <\/p>\n\n\n\n<p>Pour ne pas vivre passivement ces \u00e9v\u00e8nements, notre projet s\u2019int\u00e8gre ainsi dans l\u2019objectif d\u2019agir \u00e0 notre mani\u00e8re pour garder notre terre vivante, d\u2019abord en nous occupant du sol pour le rendre vivant, ensuite en assurant une partie de notre autonomie alimentaire, enfin en s\u2019attachant \u00e0 la biodiversit\u00e9 du sol mais aussi des arbres et des for\u00eats qui rec\u00e8lent un \u00e9norme potentiel de captation de carbone et enfin de choisir des plantes et des arbres mellif\u00e8res pour assurer la pollinisation des plantes.<\/p>\n\n\n\n<p>Nous vous proposons de retracer les \u00e9tapes de cette plantation sur le site de Saint Colomban \u00e0 Carnac, sur un terrain de 2000m2, sur une colline de 8ha , entre la fontaine et la chapelle, dans un environnement prot\u00e9g\u00e9 en zone Natura 2000 :<\/p>\n\n\n\n<div class=\"wp-block-buttons is-layout-flex wp-block-buttons-is-layout-flex\">\n<div class=\"wp-block-button has-custom-width wp-block-button__width-50\"><a class=\"wp-block-button__link wp-element-button\" href=\"http:\/\/xoqeuee.cluster028.hosting.ovh.net\/index.php\/2024\/01\/17\/la-preparation-du-terrain-1\/\" target=\"_blank\" rel=\"noreferrer noopener\">La pr\u00e9paration du terrain (1)<\/a><\/div>\n\n\n\n<div class=\"wp-block-button has-custom-width wp-block-button__width-50\"><a class=\"wp-block-button__link wp-element-button\" href=\"http:\/\/xoqeuee.cluster028.hosting.ovh.net\/index.php\/2024\/01\/17\/le-choix-des-plants-2\/\" target=\"_blank\" rel=\"noreferrer noopener\">Le choix des plants (2)<\/a><\/div>\n\n\n\n<div class=\"wp-block-button has-custom-width wp-block-button__width-50\"><a class=\"wp-block-button__link wp-element-button\" href=\"http:\/\/xoqeuee.cluster028.hosting.ovh.net\/index.php\/2024\/01\/17\/le-principe-des-trois-strates-a-la-mode-bretonne-3\/\" target=\"_blank\" rel=\"noreferrer noopener\">Le principe des trois strates \u00e0 la mode bretonne (3)<\/a><\/div>\n\n\n\n<div class=\"wp-block-button has-custom-width wp-block-button__width-50\"><a class=\"wp-block-button__link wp-element-button\" href=\"http:\/\/xoqeuee.cluster028.hosting.ovh.net\/index.php\/2024\/01\/17\/le-chantier-participatif-14-decembre-2023-4\/\" target=\"_blank\" rel=\"noreferrer noopener\">Le chantier participatif \u2013 14 d\u00e9cembre 2023 (4)<\/a><\/div>\n\n\n\n<div class=\"wp-block-button has-custom-width wp-block-button__width-50\"><a class=\"wp-block-button__link wp-element-button\" href=\"http:\/\/xoqeuee.cluster028.hosting.ovh.net\/index.php\/2024\/01\/17\/lamendement-du-terrain-et-des-plantations-5\/\" target=\"_blank\" rel=\"noreferrer noopener\">L\u2019amendement du terrain et des plantations (5)<\/a><\/div>\n\n\n\n<div class=\"wp-block-button has-custom-width wp-block-button__width-50\"><a class=\"wp-block-button__link wp-element-button\" href=\"http:\/\/xoqeuee.cluster028.hosting.ovh.net\/index.php\/2024\/01\/17\/tout-ce-quil-reste-a-faire-apres-la-plantation-6\/\" target=\"_blank\" rel=\"noreferrer noopener\">Tout ce qu\u2019il reste \u00e0 faire apr\u00e8s la plantation (6)<\/a><\/div>\n\n\n\n<div class=\"wp-block-button has-custom-width wp-block-button__width-50\"><a class=\"wp-block-button__link wp-element-button\" href=\"http:\/\/xoqeuee.cluster028.hosting.ovh.net\/index.php\/2024\/01\/17\/le-plan-des-plantations-7\/\" target=\"_blank\" rel=\"noreferrer noopener\">Le plan des plantations (7)<\/a><\/div>\n<\/div>\n\n\n\n<p> <\/p>\n","protected":false},"excerpt":{"rendered":"<p>Le projet se d\u00e9veloppe dans le contexte particulier d&#8217;un r\u00e9chauffement climatique, et d&#8217;autres \u00e9v\u00e8nements climatiques comme les temp\u00eates: en Bretagne, sur la c\u00f4te, nous avons v\u00e9cu en 2022 une canicule qui s\u2019est r\u00e9p\u00e9t\u00e9e en 3 [&#8230;]<\/p>\n","protected":false},"author":1,"featured_media":0,"parent":0,"menu_order":0,"comment_status":"closed","ping_status":"closed","template":"","meta":{"footnotes":""},"class_list":["post-1463","page","type-page","status-publish","hentry"],"_links":{"self":[{"href":"https:\/\/stcojardin.fr\/index.php\/wp-json\/wp\/v2\/pages\/1463","targetHints":{"allow":["GET"]}}],"collection":[{"href":"https:\/\/stcojardin.fr\/index.php\/wp-json\/wp\/v2\/pages"}],"about":[{"href":"https:\/\/stcojardin.fr\/index.php\/wp-json\/wp\/v2\/types\/page"}],"author":[{"embeddable":true,"href":"https:\/\/stcojardin.fr\/index.php\/wp-json\/wp\/v2\/users\/1"}],"replies":[{"embeddable":true,"href":"https:\/\/stcojardin.fr\/index.php\/wp-json\/wp\/v2\/comments?post=1463"}],"version-history":[{"count":11,"href":"https:\/\/stcojardin.fr\/index.php\/wp-json\/wp\/v2\/pages\/1463\/revisions"}],"predecessor-version":[{"id":1499,"href":"https:\/\/stcojardin.fr\/index.php\/wp-json\/wp\/v2\/pages\/1463\/revisions\/1499"}],"wp:attachment":[{"href":"https:\/\/stcojardin.fr\/index.php\/wp-json\/wp\/v2\/media?parent=1463"}],"curies":[{"name":"wp","href":"https:\/\/api.w.org\/{rel}","templated":true}]}}