{"id":151,"date":"2021-08-27T13:47:57","date_gmt":"2021-08-27T11:47:57","guid":{"rendered":"http:\/\/xoqeuee.cluster028.hosting.ovh.net\/?page_id=151"},"modified":"2022-06-08T17:57:57","modified_gmt":"2022-06-08T15:57:57","slug":"pieride-du-chou","status":"publish","type":"page","link":"https:\/\/stcojardin.fr\/index.php\/pieride-du-chou\/","title":{"rendered":"La pi\u00e9ride du chou"},"content":{"rendered":"\n<div class=\"wp-block-media-text alignwide is-stacked-on-mobile\"><figure class=\"wp-block-media-text__media\"><img loading=\"lazy\" decoding=\"async\" width=\"768\" height=\"1024\" src=\"http:\/\/xoqeuee.cluster028.hosting.ovh.net\/wp-content\/uploads\/2021\/09\/se\u0301lection-site-1-sur-4-768x1024.jpeg\" alt=\"\" class=\"wp-image-350 size-full\" srcset=\"https:\/\/stcojardin.fr\/wp-content\/uploads\/2021\/09\/se\u0301lection-site-1-sur-4-768x1024.jpeg 768w, https:\/\/stcojardin.fr\/wp-content\/uploads\/2021\/09\/se\u0301lection-site-1-sur-4-225x300.jpeg 225w, https:\/\/stcojardin.fr\/wp-content\/uploads\/2021\/09\/se\u0301lection-site-1-sur-4-1152x1536.jpeg 1152w, https:\/\/stcojardin.fr\/wp-content\/uploads\/2021\/09\/se\u0301lection-site-1-sur-4-1536x2048.jpeg 1536w, https:\/\/stcojardin.fr\/wp-content\/uploads\/2021\/09\/se\u0301lection-site-1-sur-4-1800x2400.jpeg 1800w, https:\/\/stcojardin.fr\/wp-content\/uploads\/2021\/09\/se\u0301lection-site-1-sur-4-900x1200.jpeg 900w, https:\/\/stcojardin.fr\/wp-content\/uploads\/2021\/09\/se\u0301lection-site-1-sur-4-scaled.jpeg 1920w\" sizes=\"auto, (max-width: 768px) 100vw, 768px\" \/><\/figure><div class=\"wp-block-media-text__content\">\n<p style=\"font-size:20px\">  Pi\u00e9ride du chou (Pieris brassicae) est un papillon ,  le dessus des ailes a un fond blanc, avec \u00e0 l&#8217;aile ant\u00e9rieure une grande tache noire en forme de faux, qui permet de reconna\u00eetre l&#8217;esp\u00e8ce. Les oeufs sont jaunes, et sont d\u00e9pos\u00e9s par groupes, avec un temps d&#8217;incubation de 4 \u00e0 10 jours. Les chenilles sont vert-jaune et couvertes de points et de stries noirs. Gr\u00e9gaires, elles sont visibles d&#8217;avril \u00e0 novembre sur les choux sauvages ou cultiv\u00e9es. Elles sont alors aptes \u00e0 perforer et d\u00e9vorer le feuillage&#8230;<\/p>\n<\/div><\/div>\n\n\n\n<figure class=\"wp-block-image size-large\"><img loading=\"lazy\" decoding=\"async\" width=\"1024\" height=\"825\" src=\"http:\/\/xoqeuee.cluster028.hosting.ovh.net\/wp-content\/uploads\/2021\/09\/se\u0301lection-site-2-sur-4-1024x825.jpeg\" alt=\"\" class=\"wp-image-349\" srcset=\"https:\/\/stcojardin.fr\/wp-content\/uploads\/2021\/09\/se\u0301lection-site-2-sur-4-1024x825.jpeg 1024w, https:\/\/stcojardin.fr\/wp-content\/uploads\/2021\/09\/se\u0301lection-site-2-sur-4-300x242.jpeg 300w, https:\/\/stcojardin.fr\/wp-content\/uploads\/2021\/09\/se\u0301lection-site-2-sur-4-768x619.jpeg 768w, https:\/\/stcojardin.fr\/wp-content\/uploads\/2021\/09\/se\u0301lection-site-2-sur-4-1536x1238.jpeg 1536w, https:\/\/stcojardin.fr\/wp-content\/uploads\/2021\/09\/se\u0301lection-site-2-sur-4-2048x1650.jpeg 2048w, https:\/\/stcojardin.fr\/wp-content\/uploads\/2021\/09\/se\u0301lection-site-2-sur-4-1800x1450.jpeg 1800w\" sizes=\"auto, (max-width: 1024px) 100vw, 1024px\" \/><\/figure>\n\n\n\n<figure class=\"wp-block-image size-large\"><img loading=\"lazy\" decoding=\"async\" width=\"979\" height=\"1024\" src=\"http:\/\/xoqeuee.cluster028.hosting.ovh.net\/wp-content\/uploads\/2021\/09\/se\u0301lection-site-3-sur-4-979x1024.jpeg\" alt=\"\" class=\"wp-image-348\" srcset=\"https:\/\/stcojardin.fr\/wp-content\/uploads\/2021\/09\/se\u0301lection-site-3-sur-4-979x1024.jpeg 979w, https:\/\/stcojardin.fr\/wp-content\/uploads\/2021\/09\/se\u0301lection-site-3-sur-4-287x300.jpeg 287w, https:\/\/stcojardin.fr\/wp-content\/uploads\/2021\/09\/se\u0301lection-site-3-sur-4-768x803.jpeg 768w, https:\/\/stcojardin.fr\/wp-content\/uploads\/2021\/09\/se\u0301lection-site-3-sur-4-1469x1536.jpeg 1469w, https:\/\/stcojardin.fr\/wp-content\/uploads\/2021\/09\/se\u0301lection-site-3-sur-4-1958x2048.jpeg 1958w, https:\/\/stcojardin.fr\/wp-content\/uploads\/2021\/09\/se\u0301lection-site-3-sur-4-1800x1883.jpeg 1800w\" sizes=\"auto, (max-width: 979px) 100vw, 979px\" \/><\/figure>\n\n\n\n<figure class=\"wp-block-gallery columns-3 is-cropped wp-block-gallery-1 is-layout-flex wp-block-gallery-is-layout-flex\"><ul class=\"blocks-gallery-grid\"><li class=\"blocks-gallery-item\"><figure><img loading=\"lazy\" decoding=\"async\" width=\"768\" height=\"1024\" src=\"http:\/\/xoqeuee.cluster028.hosting.ovh.net\/wp-content\/uploads\/2021\/09\/se\u0301lection-site-1-sur-4-768x1024.jpeg\" alt=\"\" data-id=\"350\" data-full-url=\"http:\/\/xoqeuee.cluster028.hosting.ovh.net\/wp-content\/uploads\/2021\/09\/se\u0301lection-site-1-sur-4-scaled.jpeg\" data-link=\"http:\/\/xoqeuee.cluster028.hosting.ovh.net\/index.php\/en-images-et-en-saisons\/selection-site-1-sur-4\/\" class=\"wp-image-350\" srcset=\"https:\/\/stcojardin.fr\/wp-content\/uploads\/2021\/09\/se\u0301lection-site-1-sur-4-768x1024.jpeg 768w, https:\/\/stcojardin.fr\/wp-content\/uploads\/2021\/09\/se\u0301lection-site-1-sur-4-225x300.jpeg 225w, https:\/\/stcojardin.fr\/wp-content\/uploads\/2021\/09\/se\u0301lection-site-1-sur-4-1152x1536.jpeg 1152w, https:\/\/stcojardin.fr\/wp-content\/uploads\/2021\/09\/se\u0301lection-site-1-sur-4-1536x2048.jpeg 1536w, https:\/\/stcojardin.fr\/wp-content\/uploads\/2021\/09\/se\u0301lection-site-1-sur-4-1800x2400.jpeg 1800w, https:\/\/stcojardin.fr\/wp-content\/uploads\/2021\/09\/se\u0301lection-site-1-sur-4-900x1200.jpeg 900w, https:\/\/stcojardin.fr\/wp-content\/uploads\/2021\/09\/se\u0301lection-site-1-sur-4-scaled.jpeg 1920w\" sizes=\"auto, (max-width: 768px) 100vw, 768px\" \/><figcaption class=\"blocks-gallery-item__caption\">La ponte d&#8217;une vingtaine d&#8217;oeufs jaunes<\/figcaption><\/figure><\/li><li class=\"blocks-gallery-item\"><figure><img loading=\"lazy\" decoding=\"async\" width=\"1024\" height=\"825\" src=\"http:\/\/xoqeuee.cluster028.hosting.ovh.net\/wp-content\/uploads\/2021\/09\/se\u0301lection-site-2-sur-4-1024x825.jpeg\" alt=\"\" data-id=\"349\" data-full-url=\"http:\/\/xoqeuee.cluster028.hosting.ovh.net\/wp-content\/uploads\/2021\/09\/se\u0301lection-site-2-sur-4.jpeg\" data-link=\"http:\/\/xoqeuee.cluster028.hosting.ovh.net\/index.php\/en-images-et-en-saisons\/selection-site-2-sur-4\/\" class=\"wp-image-349\" srcset=\"https:\/\/stcojardin.fr\/wp-content\/uploads\/2021\/09\/se\u0301lection-site-2-sur-4-1024x825.jpeg 1024w, https:\/\/stcojardin.fr\/wp-content\/uploads\/2021\/09\/se\u0301lection-site-2-sur-4-300x242.jpeg 300w, https:\/\/stcojardin.fr\/wp-content\/uploads\/2021\/09\/se\u0301lection-site-2-sur-4-768x619.jpeg 768w, https:\/\/stcojardin.fr\/wp-content\/uploads\/2021\/09\/se\u0301lection-site-2-sur-4-1536x1238.jpeg 1536w, https:\/\/stcojardin.fr\/wp-content\/uploads\/2021\/09\/se\u0301lection-site-2-sur-4-2048x1650.jpeg 2048w, https:\/\/stcojardin.fr\/wp-content\/uploads\/2021\/09\/se\u0301lection-site-2-sur-4-1800x1450.jpeg 1800w\" sizes=\"auto, (max-width: 1024px) 100vw, 1024px\" \/><figcaption class=\"blocks-gallery-item__caption\">Le coupable, le beau papillon blanc avec son point noirc<\/figcaption><\/figure><\/li><li class=\"blocks-gallery-item\"><figure><img loading=\"lazy\" decoding=\"async\" width=\"979\" height=\"1024\" src=\"http:\/\/xoqeuee.cluster028.hosting.ovh.net\/wp-content\/uploads\/2021\/09\/se\u0301lection-site-3-sur-4-979x1024.jpeg\" alt=\"\" data-id=\"348\" data-full-url=\"http:\/\/xoqeuee.cluster028.hosting.ovh.net\/wp-content\/uploads\/2021\/09\/se\u0301lection-site-3-sur-4-scaled.jpeg\" data-link=\"http:\/\/xoqeuee.cluster028.hosting.ovh.net\/index.php\/en-images-et-en-saisons\/selection-site-3-sur-4\/\" class=\"wp-image-348\" srcset=\"https:\/\/stcojardin.fr\/wp-content\/uploads\/2021\/09\/se\u0301lection-site-3-sur-4-979x1024.jpeg 979w, https:\/\/stcojardin.fr\/wp-content\/uploads\/2021\/09\/se\u0301lection-site-3-sur-4-287x300.jpeg 287w, https:\/\/stcojardin.fr\/wp-content\/uploads\/2021\/09\/se\u0301lection-site-3-sur-4-768x803.jpeg 768w, https:\/\/stcojardin.fr\/wp-content\/uploads\/2021\/09\/se\u0301lection-site-3-sur-4-1469x1536.jpeg 1469w, https:\/\/stcojardin.fr\/wp-content\/uploads\/2021\/09\/se\u0301lection-site-3-sur-4-1958x2048.jpeg 1958w, https:\/\/stcojardin.fr\/wp-content\/uploads\/2021\/09\/se\u0301lection-site-3-sur-4-1800x1883.jpeg 1800w\" sizes=\"auto, (max-width: 979px) 100vw, 979px\" \/><figcaption class=\"blocks-gallery-item__caption\">le papillon d\u00e9veloppe ses ailes<\/figcaption><\/figure><\/li><li class=\"blocks-gallery-item\"><figure><img loading=\"lazy\" decoding=\"async\" width=\"1024\" height=\"915\" src=\"http:\/\/xoqeuee.cluster028.hosting.ovh.net\/wp-content\/uploads\/2021\/09\/se\u0301lection-site-4-sur-4-1024x915.jpeg\" alt=\"\" data-id=\"346\" data-full-url=\"http:\/\/xoqeuee.cluster028.hosting.ovh.net\/wp-content\/uploads\/2021\/09\/se\u0301lection-site-4-sur-4.jpeg\" data-link=\"http:\/\/xoqeuee.cluster028.hosting.ovh.net\/index.php\/en-images-et-en-saisons\/selection-site-4-sur-4\/\" class=\"wp-image-346\" srcset=\"https:\/\/stcojardin.fr\/wp-content\/uploads\/2021\/09\/se\u0301lection-site-4-sur-4-1024x915.jpeg 1024w, https:\/\/stcojardin.fr\/wp-content\/uploads\/2021\/09\/se\u0301lection-site-4-sur-4-300x268.jpeg 300w, https:\/\/stcojardin.fr\/wp-content\/uploads\/2021\/09\/se\u0301lection-site-4-sur-4-768x687.jpeg 768w, https:\/\/stcojardin.fr\/wp-content\/uploads\/2021\/09\/se\u0301lection-site-4-sur-4-1536x1373.jpeg 1536w, https:\/\/stcojardin.fr\/wp-content\/uploads\/2021\/09\/se\u0301lection-site-4-sur-4-2048x1831.jpeg 2048w, https:\/\/stcojardin.fr\/wp-content\/uploads\/2021\/09\/se\u0301lection-site-4-sur-4-1800x1609.jpeg 1800w\" sizes=\"auto, (max-width: 1024px) 100vw, 1024px\" \/><figcaption class=\"blocks-gallery-item__caption\">l&#8217;apparition des chenilles<\/figcaption><\/figure><\/li><li class=\"blocks-gallery-item\"><figure><img loading=\"lazy\" decoding=\"async\" width=\"768\" height=\"1024\" src=\"http:\/\/xoqeuee.cluster028.hosting.ovh.net\/wp-content\/uploads\/2021\/09\/se\u0301lection-site-1-sur-1-768x1024.jpeg\" alt=\"\" data-id=\"351\" data-full-url=\"http:\/\/xoqeuee.cluster028.hosting.ovh.net\/wp-content\/uploads\/2021\/09\/se\u0301lection-site-1-sur-1-scaled.jpeg\" data-link=\"http:\/\/xoqeuee.cluster028.hosting.ovh.net\/index.php\/en-images-et-en-saisons\/selection-site-1-sur-1\/\" class=\"wp-image-351\" srcset=\"https:\/\/stcojardin.fr\/wp-content\/uploads\/2021\/09\/se\u0301lection-site-1-sur-1-768x1024.jpeg 768w, https:\/\/stcojardin.fr\/wp-content\/uploads\/2021\/09\/se\u0301lection-site-1-sur-1-225x300.jpeg 225w, https:\/\/stcojardin.fr\/wp-content\/uploads\/2021\/09\/se\u0301lection-site-1-sur-1-1152x1536.jpeg 1152w, https:\/\/stcojardin.fr\/wp-content\/uploads\/2021\/09\/se\u0301lection-site-1-sur-1-1536x2048.jpeg 1536w, https:\/\/stcojardin.fr\/wp-content\/uploads\/2021\/09\/se\u0301lection-site-1-sur-1-1800x2400.jpeg 1800w, https:\/\/stcojardin.fr\/wp-content\/uploads\/2021\/09\/se\u0301lection-site-1-sur-1-900x1200.jpeg 900w, https:\/\/stcojardin.fr\/wp-content\/uploads\/2021\/09\/se\u0301lection-site-1-sur-1-scaled.jpeg 1920w\" sizes=\"auto, (max-width: 768px) 100vw, 768px\" \/><figcaption class=\"blocks-gallery-item__caption\">le papillon pond ses oeufs sur le dessous de la feuille, avec le soleil il prend la couleur de la feuille <\/figcaption><\/figure><\/li><\/ul><\/figure>\n\n\n\n<figure class=\"wp-block-image size-large\"><img loading=\"lazy\" decoding=\"async\" width=\"1024\" height=\"915\" src=\"http:\/\/xoqeuee.cluster028.hosting.ovh.net\/wp-content\/uploads\/2021\/09\/se\u0301lection-site-4-sur-4-1024x915.jpeg\" alt=\"\" class=\"wp-image-346\" srcset=\"https:\/\/stcojardin.fr\/wp-content\/uploads\/2021\/09\/se\u0301lection-site-4-sur-4-1024x915.jpeg 1024w, https:\/\/stcojardin.fr\/wp-content\/uploads\/2021\/09\/se\u0301lection-site-4-sur-4-300x268.jpeg 300w, https:\/\/stcojardin.fr\/wp-content\/uploads\/2021\/09\/se\u0301lection-site-4-sur-4-768x687.jpeg 768w, https:\/\/stcojardin.fr\/wp-content\/uploads\/2021\/09\/se\u0301lection-site-4-sur-4-1536x1373.jpeg 1536w, https:\/\/stcojardin.fr\/wp-content\/uploads\/2021\/09\/se\u0301lection-site-4-sur-4-2048x1831.jpeg 2048w, https:\/\/stcojardin.fr\/wp-content\/uploads\/2021\/09\/se\u0301lection-site-4-sur-4-1800x1609.jpeg 1800w\" sizes=\"auto, (max-width: 1024px) 100vw, 1024px\" \/><\/figure>\n","protected":false},"excerpt":{"rendered":"<p>Pi\u00e9ride du chou (Pieris brassicae) est un papillon , le dessus des ailes a un fond blanc, avec \u00e0 l&#8217;aile ant\u00e9rieure une grande tache noire en forme de faux, qui permet de reconna\u00eetre l&#8217;esp\u00e8ce. Les [&#8230;]<\/p>\n","protected":false},"author":1,"featured_media":0,"parent":0,"menu_order":0,"comment_status":"open","ping_status":"closed","template":"","meta":{"footnotes":""},"class_list":["post-151","page","type-page","status-publish","hentry"],"_links":{"self":[{"href":"https:\/\/stcojardin.fr\/index.php\/wp-json\/wp\/v2\/pages\/151","targetHints":{"allow":["GET"]}}],"collection":[{"href":"https:\/\/stcojardin.fr\/index.php\/wp-json\/wp\/v2\/pages"}],"about":[{"href":"https:\/\/stcojardin.fr\/index.php\/wp-json\/wp\/v2\/types\/page"}],"author":[{"embeddable":true,"href":"https:\/\/stcojardin.fr\/index.php\/wp-json\/wp\/v2\/users\/1"}],"replies":[{"embeddable":true,"href":"https:\/\/stcojardin.fr\/index.php\/wp-json\/wp\/v2\/comments?post=151"}],"version-history":[{"count":3,"href":"https:\/\/stcojardin.fr\/index.php\/wp-json\/wp\/v2\/pages\/151\/revisions"}],"predecessor-version":[{"id":644,"href":"https:\/\/stcojardin.fr\/index.php\/wp-json\/wp\/v2\/pages\/151\/revisions\/644"}],"wp:attachment":[{"href":"https:\/\/stcojardin.fr\/index.php\/wp-json\/wp\/v2\/media?parent=151"}],"curies":[{"name":"wp","href":"https:\/\/api.w.org\/{rel}","templated":true}]}}