{"id":154,"date":"2021-08-27T13:48:53","date_gmt":"2021-08-27T11:48:53","guid":{"rendered":"http:\/\/xoqeuee.cluster028.hosting.ovh.net\/?page_id=154"},"modified":"2021-09-16T20:41:25","modified_gmt":"2021-09-16T18:41:25","slug":"projet-verger-maraicher","status":"publish","type":"page","link":"https:\/\/stcojardin.fr\/index.php\/projet-verger-maraicher\/","title":{"rendered":"Projet verger mara\u00eecher"},"content":{"rendered":"\n<p><strong>Le guilde des arbres fruitiers<\/strong><\/p>\n\n\n\n<p>Pour choisir notre verger-maraicher, le mieux est de se r\u00e9f\u00e9rer aux guildes des arbres fruitiers<\/p>\n\n\n\n<p>Que signifie le terme de guilde?<br>\u00ab&nbsp;Une guilde, ou ghilde ou gilde d\u00e9signait au Moyen \u00c2ge (XIe\u2009\u2013\u2009XIVe&nbsp;si\u00e8cles) une association ou coop\u00e9ration de personnes pratiquant une activit\u00e9 commune, g\u00e9n\u00e9ralement des marchands, qui, s&#8217;\u00e9tant dot\u00e9s de r\u00e8gles et de privil\u00e8ges sp\u00e9cifiques, demandaient protection aux autorit\u00e9s d&#8217;une ville ou d&#8217;un \u00c9tat. De nos jours, ce terme, quelque peu d\u00e9suet, d\u00e9signe une association priv\u00e9e ayant un but pr\u00e9cis&nbsp;\u00bb.<\/p>\n\n\n\n<p>En \u00ab&nbsp;permaculture&nbsp;\u00bb, le terme de guilde est utilis\u00e9 pour d\u00e9crire un mod\u00e8le qui va dans le sens de la nature, c\u2019est-\u00e0-dire une association de plantes qui s\u2019accordent et se soutiennent mutuellement, choisies et issues de l\u2019observation de la nature et qui permettent de cr\u00e9er des conditions d\u2019auto-fertilit\u00e9, de coop\u00e9ration entre les plantes tout en pr\u00e9levant des \u00e9l\u00e9ments pour notre propres besoins<\/p>\n\n\n\n<p>Les principes d\u2019un guilde (par arbre fruitier) sont le multi-\u00e9tagement des v\u00e9g\u00e9taux, la densification et la diversification des v\u00e9g\u00e9taux en r\u00e9pondant aux deux objectifs, les fonctions \u00e9cologiques et les besoins humains.<\/p>\n\n\n\n<p>Pour le jardin StCo, la question pos\u00e9e est d\u2019installer autour de vos arbres fruitiers une composition de plantes qui s\u2019entraident et nous donnent d\u2019abondantes r\u00e9coltes.<br>A chaque arbre fruitier, correspond une guilde (guilde du p\u00eacher, de la vigne, du prunier, du noisetier, du pommier, du poirier, et du figuier pour ceux que nous avons \u00e9tudi\u00e9 (fiches disponibles pour le kaki, le kiwi, le cerisier, le noyer, le ch\u00e2taignier)<\/p>\n\n\n\n<p>La m\u00e9thodologie de la cr\u00e9ation d\u2019une guilde<br>A partir d\u2019un arbre choisi, le choix des caract\u00e9ristiques des v\u00e9g\u00e9taux tient compte des diff\u00e9rents strates (canop\u00e9e, haute tige, demi tige, petits arbres ou arbrisseaux, strate grimpante, strate arbustive, strate herbac\u00e9e haute, strate herbac\u00e9e basse, strate rhisosph\u00e8re, strate couvre-sol). Pour StCo jardin , \u00e0 priori , on ne retiendra pas de strate canop\u00e9e trop haute.<br>des familles de plantes qui s\u2019accordent et se soutiennent mutuellement<br>des facteurs tels que l\u2019environnement, l\u2019eau , l\u2019ensoleillement, les nutriments, le vent, \u2026<br>afin de cr\u00e9er un jardin stable et r\u00e9silient.<\/p>\n\n\n\n<p>Dans chaque guilde d\u2019un arbre fruitier, sont d\u00e9crits successivement<br>le contexte avec la surface n\u00e9cessaire en m2, la r\u00e9sistance au vent, l\u2019humidit\u00e9 du sol, l\u2019ensoleillement,<br>la liste des v\u00e9g\u00e9taux choisis (nom, strate, hauteur et diam\u00e8tre*, les fonctions \u00e9cologiques (mellif\u00e8re, barri\u00e8re\/haie brise-vent, fixateur d\u2019azote, r\u00e9pulsif\/insectes, r\u00e9pulsif\/champignons\u2026), les usages humains (plante m\u00e9dicinal, production comestible, ornemental, aromatique, am\u00e9liorateur\/compost)<br>le calendrier des r\u00e9coltes<br>le plan d\u2019implantation avec une feuille dimensionn\u00e9e et quadrill\u00e9e selon la forme des plantations (carr\u00e9, rectangle..)<\/p>\n\n\n\n<p>Dans la galerie ou le diaporama, il vous est propos\u00e9 une lecture d\u2019abord simplifi\u00e9e pour comprendre \u00e0 partir du guilde des arbres fruitiers les questions qui nous sont pos\u00e9es.<\/p>\n\n\n<script type=\"text\/javascript\">\r\ndocument.addEventListener(\"DOMContentLoaded\", function(event) { \r\n\tjQuery( '#slider-pro-3-379' ).sliderPro({\r\n\t\t\/\/width\r\n\t\t\t\twidth: \"100%\",\r\n\t\t\t\t\r\n\t\t\/\/height\r\n\t\t\t\tautoHeight: true,\r\n\t\t\t\t\r\n\t\t\/\/auto play\r\n\t\t\t\t\t\t\t\tautoplay:  false,\r\n\t\t\t\tautoplayDelay: 5000,\r\n\t\t\r\n\t\t\r\n\t\tarrows: true,\r\n\t\tbuttons: true,\r\n\t\tsmallSize: 500,\r\n\t\tmediumSize: 1000,\r\n\t\tlargeSize: 3000,\r\n\t\tfade: true,\r\n\t\t\r\n\t\t\/\/thumbnail\r\n\t\tthumbnailArrows: true,\r\n\t\tthumbnailWidth: 120,\r\n\t\tthumbnailHeight: 200,\r\n\t\t\t\t\t\t\t\tcenterImage: true,\r\n\t\timageScaleMode: 'cover',\r\n\t\tallowScaleUp: true,\r\n\t\t\t\tstartSlide: 0,\r\n\t\tloop: true,\r\n\t\tslideDistance: 5,\r\n\t\tautoplayDirection: 'normal',\r\n\t\ttouchSwipe: true,\r\n\t\tfullScreen: true,\r\n\t});\r\n});\r\n<\/script>\r\n<style>\r\n\/* Layout 3 *\/\r\n\/* border *\/\r\n#slider-pro-3-379 .sp-selected-thumbnail {\r\n\tborder: 4px solid #000000;\r\n}\r\n\r\n\/* font + color *\/\r\n.title-in  {\r\n\tfont-family: Arial !important;\r\n\tcolor: #000000 !important;\r\n\tbackground-color: #ffffff !important;\r\n\topacity: 0.7 !important;\r\n}\r\n.desc-in  {\r\n\tfont-family: Arial !important;\r\n\tcolor: #000000 !important;\r\n\tbackground-color: #00000 !important;\r\n\topacity: 0.7 !important;\r\n}\r\n\r\n\/* bullets color *\/\r\n.sp-button  {\r\n\tborder: 2px solid #000000 !important;\r\n}\r\n.sp-selected-button  {\r\n\tbackground-color: #000000 !important;\r\n}\r\n\r\n\/* pointer color - bottom *\/\r\n\r\n\/* pointer color - top *\/\r\n\r\n\/* full screen icon *\/\r\n.sp-full-screen-button::before {\r\n    color: #FFFFFF !important;\r\n}\r\n\r\n\/* hover navigation icon color *\/\r\n.sp-next-arrow::after, .sp-next-arrow::before {\r\n\tbackground-color: #FFFFFF !important;\r\n}\r\n.sp-previous-arrow::after, .sp-previous-arrow::before {\r\n\tbackground-color: #FFFFFF !important;\r\n}\r\n\r\n#slider-pro-3-379 .title-in {\r\n\tcolor: #000000 !important;\r\n\tfont-weight: bolder;\r\n\ttext-align: center;\r\n}\r\n\r\n#slider-pro-3-379 .title-in-bg {\r\n\tbackground: rgba(255, 255, 255, 0.7); !important;\r\n\twhite-space: unset !important;\r\n\tmax-width: 90%;\r\n\tmin-width: 40%;\r\n\ttransform: initial !important;\r\n\t-webkit-transform: initial !important;\r\n\tfont-size: 14px !important;\r\n}\r\n\r\n#slider-pro-3-379 .desc-in {\r\n\tcolor: #000000 !important;\r\n\ttext-align: center;\r\n}\r\n#slider-pro-3-379 .desc-in-bg {\r\n\tbackground: rgba(#00000, 0.7) !important;\r\n\twhite-space: unset !important;\r\n\twidth: 80% !important;\r\n\tmin-width: 30%;\r\n\ttransform: initial !important;\r\n\t-webkit-transform: initial !important;\r\n\tfont-size: 13px !important;\r\n}\r\n\r\n@media (max-width: 640px) {\r\n\t#slider-pro-3-379 .hide-small-screen {\r\n\t\tdisplay: none;\r\n\t}\r\n}\r\n\r\n@media (max-width: 860px) {\r\n\t#slider-pro-3-379 .sp-layer {\r\n\t\tfont-size: 18px;\r\n\t}\r\n\t\r\n\t#slider-pro-3-379 .hide-medium-screen {\r\n\t\tdisplay: none;\r\n\t}\r\n}\r\n.slides-not-found {\r\n\tbackground-color: #a92929;\r\n\tborder-radius: 5px;\r\n\tcolor: #fff;\r\n\tfont-family: initial;\r\n\ttext-align: center;\r\n\tpadding:12px;\r\n}\r\n\/* Custom CSS *\/\r\n<\/style>\r\n\t\t<div id=\"slider-pro-3-379\" class=\"slider-pro\">\r\n\t\t\t<!---- slides div start ---->\r\n\t\t\t<div class=\"sp-slides\">\r\n\t\t\t\t\t\t\t\t\t\t<div class=\"sp-slide\">\r\n\t\t\t\t\t\t\t<img decoding=\"async\" class=\"sp-image\" loading=\"lazy\" alt=\"le p\u00eacher\" src=\"https:\/\/stcojardin.fr\/wp-content\/plugins\/ultimate-responsive-image-slider\/assets\/css\/images\/blank.gif\" data-src=\"https:\/\/stcojardin.fr\/wp-content\/uploads\/2021\/09\/1-guilde-du-pe\u0302cher.jpeg\" \/>\r\n\r\n\t\t\t\t\t\t\t\r\n\t\t\t\t\t\t\t\t\t\t\t\t\t<\/div>\r\n\t\t\t\t\t\t\t\t\t\t\t\t<div class=\"sp-slide\">\r\n\t\t\t\t\t\t\t<img decoding=\"async\" class=\"sp-image\" loading=\"lazy\" alt=\"la vigne\" src=\"https:\/\/stcojardin.fr\/wp-content\/plugins\/ultimate-responsive-image-slider\/assets\/css\/images\/blank.gif\" data-src=\"https:\/\/stcojardin.fr\/wp-content\/uploads\/2021\/09\/2-guilde-de-la-vigne.jpeg\" \/>\r\n\r\n\t\t\t\t\t\t\t\r\n\t\t\t\t\t\t\t\t\t\t\t\t\t<\/div>\r\n\t\t\t\t\t\t\t\t\t\t\t\t<div class=\"sp-slide\">\r\n\t\t\t\t\t\t\t<img decoding=\"async\" class=\"sp-image\" loading=\"lazy\" alt=\"le prunier\" src=\"https:\/\/stcojardin.fr\/wp-content\/plugins\/ultimate-responsive-image-slider\/assets\/css\/images\/blank.gif\" data-src=\"https:\/\/stcojardin.fr\/wp-content\/uploads\/2021\/09\/3-guilde-du-prunier.jpeg\" \/>\r\n\r\n\t\t\t\t\t\t\t\r\n\t\t\t\t\t\t\t\t\t\t\t\t\t<\/div>\r\n\t\t\t\t\t\t\t\t\t\t\t\t<div class=\"sp-slide\">\r\n\t\t\t\t\t\t\t<img decoding=\"async\" class=\"sp-image\" loading=\"lazy\" alt=\"le noisetier\" src=\"https:\/\/stcojardin.fr\/wp-content\/plugins\/ultimate-responsive-image-slider\/assets\/css\/images\/blank.gif\" data-src=\"https:\/\/stcojardin.fr\/wp-content\/uploads\/2021\/09\/4-guilde-du-noisetier.jpeg\" \/>\r\n\r\n\t\t\t\t\t\t\t\r\n\t\t\t\t\t\t\t\t\t\t\t\t\t<\/div>\r\n\t\t\t\t\t\t\t\t\t\t\t\t<div class=\"sp-slide\">\r\n\t\t\t\t\t\t\t<img decoding=\"async\" class=\"sp-image\" loading=\"lazy\" alt=\"le pommier\" src=\"https:\/\/stcojardin.fr\/wp-content\/plugins\/ultimate-responsive-image-slider\/assets\/css\/images\/blank.gif\" data-src=\"https:\/\/stcojardin.fr\/wp-content\/uploads\/2021\/09\/5-guilde-du-pommier.jpeg\" \/>\r\n\r\n\t\t\t\t\t\t\t\r\n\t\t\t\t\t\t\t\t\t\t\t\t\t<\/div>\r\n\t\t\t\t\t\t\t\t\t\t\t\t<div class=\"sp-slide\">\r\n\t\t\t\t\t\t\t<img decoding=\"async\" class=\"sp-image\" loading=\"lazy\" alt=\"le figuier\" src=\"https:\/\/stcojardin.fr\/wp-content\/plugins\/ultimate-responsive-image-slider\/assets\/css\/images\/blank.gif\" data-src=\"https:\/\/stcojardin.fr\/wp-content\/uploads\/2021\/09\/7-guilde-du-figuier.jpeg\" \/>\r\n\r\n\t\t\t\t\t\t\t\r\n\t\t\t\t\t\t\t\t\t\t\t\t\t<\/div>\r\n\t\t\t\t\t\t\t\t\t\t\t\t<div class=\"sp-slide\">\r\n\t\t\t\t\t\t\t<img decoding=\"async\" class=\"sp-image\" loading=\"lazy\" alt=\"le poirier\" src=\"https:\/\/stcojardin.fr\/wp-content\/plugins\/ultimate-responsive-image-slider\/assets\/css\/images\/blank.gif\" data-src=\"https:\/\/stcojardin.fr\/wp-content\/uploads\/2021\/09\/6-guilde-du-poirier.jpeg\" \/>\r\n\r\n\t\t\t\t\t\t\t\r\n\t\t\t\t\t\t\t\t\t\t\t\t\t<\/div>\r\n\t\t\t\t\t\t\t\t\t<\/div>\r\n\t\t\t\r\n\t\t\t<!---- slides div end ---->\r\n\t\t\t\t\t\t<!-- slides thumbnails div start -->\r\n\t\t\t<div class=\"sp-thumbnails\">\r\n\t\t\t\t\t\t\t\t\t\t<img decoding=\"async\" class=\"sp-thumbnail\" loading=\"lazy\" src=\"https:\/\/stcojardin.fr\/wp-content\/plugins\/ultimate-responsive-image-slider\/assets\/img\/loading.gif\" data-src=\"https:\/\/stcojardin.fr\/wp-content\/uploads\/2021\/09\/1-guilde-du-pe\u0302cher-300x225.jpeg\" alt=\"le p\u00eacher\"\/>\r\n\t\t\t\t\t\t\t\t\t\t\t<img decoding=\"async\" class=\"sp-thumbnail\" loading=\"lazy\" src=\"https:\/\/stcojardin.fr\/wp-content\/plugins\/ultimate-responsive-image-slider\/assets\/img\/loading.gif\" data-src=\"https:\/\/stcojardin.fr\/wp-content\/uploads\/2021\/09\/2-guilde-de-la-vigne-300x225.jpeg\" alt=\"la vigne\"\/>\r\n\t\t\t\t\t\t\t\t\t\t\t<img decoding=\"async\" class=\"sp-thumbnail\" loading=\"lazy\" src=\"https:\/\/stcojardin.fr\/wp-content\/plugins\/ultimate-responsive-image-slider\/assets\/img\/loading.gif\" data-src=\"https:\/\/stcojardin.fr\/wp-content\/uploads\/2021\/09\/3-guilde-du-prunier-300x225.jpeg\" alt=\"le prunier\"\/>\r\n\t\t\t\t\t\t\t\t\t\t\t<img decoding=\"async\" class=\"sp-thumbnail\" loading=\"lazy\" src=\"https:\/\/stcojardin.fr\/wp-content\/plugins\/ultimate-responsive-image-slider\/assets\/img\/loading.gif\" data-src=\"https:\/\/stcojardin.fr\/wp-content\/uploads\/2021\/09\/4-guilde-du-noisetier-300x225.jpeg\" alt=\"le noisetier\"\/>\r\n\t\t\t\t\t\t\t\t\t\t\t<img decoding=\"async\" class=\"sp-thumbnail\" loading=\"lazy\" src=\"https:\/\/stcojardin.fr\/wp-content\/plugins\/ultimate-responsive-image-slider\/assets\/img\/loading.gif\" data-src=\"https:\/\/stcojardin.fr\/wp-content\/uploads\/2021\/09\/5-guilde-du-pommier-300x225.jpeg\" alt=\"le pommier\"\/>\r\n\t\t\t\t\t\t\t\t\t\t\t<img decoding=\"async\" class=\"sp-thumbnail\" loading=\"lazy\" src=\"https:\/\/stcojardin.fr\/wp-content\/plugins\/ultimate-responsive-image-slider\/assets\/img\/loading.gif\" data-src=\"https:\/\/stcojardin.fr\/wp-content\/uploads\/2021\/09\/7-guilde-du-figuier-300x225.jpeg\" alt=\"le figuier\"\/>\r\n\t\t\t\t\t\t\t\t\t\t\t<img decoding=\"async\" class=\"sp-thumbnail\" loading=\"lazy\" src=\"https:\/\/stcojardin.fr\/wp-content\/plugins\/ultimate-responsive-image-slider\/assets\/img\/loading.gif\" data-src=\"https:\/\/stcojardin.fr\/wp-content\/uploads\/2021\/09\/6-guilde-du-poirier-300x225.jpeg\" alt=\"le poirier\"\/>\r\n\t\t\t\t\t\t\t\t<\/div>\r\n\t\t\t\t\t\t<!-- slides thumbnails div end -->\r\n\t\t<\/div>\r\n\n\n\n\n<figure class=\"wp-block-gallery columns-1 is-cropped wp-block-gallery-1 is-layout-flex wp-block-gallery-is-layout-flex\"><ul class=\"blocks-gallery-grid\"><li class=\"blocks-gallery-item\"><figure><img loading=\"lazy\" decoding=\"async\" width=\"1024\" height=\"768\" src=\"http:\/\/xoqeuee.cluster028.hosting.ovh.net\/wp-content\/uploads\/2021\/09\/1-guilde-du-pe\u0302cher.jpeg\" alt=\"\" data-id=\"358\" data-full-url=\"http:\/\/xoqeuee.cluster028.hosting.ovh.net\/wp-content\/uploads\/2021\/09\/1-guilde-du-pe\u0302cher.jpeg\" data-link=\"http:\/\/xoqeuee.cluster028.hosting.ovh.net\/?attachment_id=358\" class=\"wp-image-358\" srcset=\"https:\/\/stcojardin.fr\/wp-content\/uploads\/2021\/09\/1-guilde-du-pe\u0302cher.jpeg 1024w, https:\/\/stcojardin.fr\/wp-content\/uploads\/2021\/09\/1-guilde-du-pe\u0302cher-300x225.jpeg 300w, https:\/\/stcojardin.fr\/wp-content\/uploads\/2021\/09\/1-guilde-du-pe\u0302cher-768x576.jpeg 768w\" sizes=\"auto, (max-width: 1024px) 100vw, 1024px\" \/><figcaption class=\"blocks-gallery-item__caption\">le p\u00eacher<\/figcaption><\/figure><\/li><li class=\"blocks-gallery-item\"><figure><img loading=\"lazy\" decoding=\"async\" width=\"1024\" height=\"768\" src=\"http:\/\/xoqeuee.cluster028.hosting.ovh.net\/wp-content\/uploads\/2021\/09\/2-guilde-de-la-vigne.jpeg\" alt=\"\" data-id=\"359\" data-full-url=\"http:\/\/xoqeuee.cluster028.hosting.ovh.net\/wp-content\/uploads\/2021\/09\/2-guilde-de-la-vigne.jpeg\" data-link=\"http:\/\/xoqeuee.cluster028.hosting.ovh.net\/?attachment_id=359\" class=\"wp-image-359\" srcset=\"https:\/\/stcojardin.fr\/wp-content\/uploads\/2021\/09\/2-guilde-de-la-vigne.jpeg 1024w, https:\/\/stcojardin.fr\/wp-content\/uploads\/2021\/09\/2-guilde-de-la-vigne-300x225.jpeg 300w, https:\/\/stcojardin.fr\/wp-content\/uploads\/2021\/09\/2-guilde-de-la-vigne-768x576.jpeg 768w\" sizes=\"auto, (max-width: 1024px) 100vw, 1024px\" \/><figcaption class=\"blocks-gallery-item__caption\">la vigne<\/figcaption><\/figure><\/li><li class=\"blocks-gallery-item\"><figure><img loading=\"lazy\" decoding=\"async\" width=\"1024\" height=\"768\" src=\"http:\/\/xoqeuee.cluster028.hosting.ovh.net\/wp-content\/uploads\/2021\/09\/3-guilde-du-prunier.jpeg\" alt=\"\" data-id=\"360\" data-full-url=\"http:\/\/xoqeuee.cluster028.hosting.ovh.net\/wp-content\/uploads\/2021\/09\/3-guilde-du-prunier.jpeg\" data-link=\"http:\/\/xoqeuee.cluster028.hosting.ovh.net\/?attachment_id=360\" class=\"wp-image-360\" srcset=\"https:\/\/stcojardin.fr\/wp-content\/uploads\/2021\/09\/3-guilde-du-prunier.jpeg 1024w, https:\/\/stcojardin.fr\/wp-content\/uploads\/2021\/09\/3-guilde-du-prunier-300x225.jpeg 300w, https:\/\/stcojardin.fr\/wp-content\/uploads\/2021\/09\/3-guilde-du-prunier-768x576.jpeg 768w\" sizes=\"auto, (max-width: 1024px) 100vw, 1024px\" \/><figcaption class=\"blocks-gallery-item__caption\">le prunier<\/figcaption><\/figure><\/li><li class=\"blocks-gallery-item\"><figure><img loading=\"lazy\" decoding=\"async\" width=\"1024\" height=\"768\" src=\"http:\/\/xoqeuee.cluster028.hosting.ovh.net\/wp-content\/uploads\/2021\/09\/4-guilde-du-noisetier.jpeg\" alt=\"\" data-id=\"361\" data-full-url=\"http:\/\/xoqeuee.cluster028.hosting.ovh.net\/wp-content\/uploads\/2021\/09\/4-guilde-du-noisetier.jpeg\" data-link=\"http:\/\/xoqeuee.cluster028.hosting.ovh.net\/?attachment_id=361\" class=\"wp-image-361\" srcset=\"https:\/\/stcojardin.fr\/wp-content\/uploads\/2021\/09\/4-guilde-du-noisetier.jpeg 1024w, https:\/\/stcojardin.fr\/wp-content\/uploads\/2021\/09\/4-guilde-du-noisetier-300x225.jpeg 300w, https:\/\/stcojardin.fr\/wp-content\/uploads\/2021\/09\/4-guilde-du-noisetier-768x576.jpeg 768w\" sizes=\"auto, (max-width: 1024px) 100vw, 1024px\" \/><figcaption class=\"blocks-gallery-item__caption\">le noisetier<\/figcaption><\/figure><\/li><li class=\"blocks-gallery-item\"><figure><img loading=\"lazy\" decoding=\"async\" width=\"1024\" height=\"768\" src=\"http:\/\/xoqeuee.cluster028.hosting.ovh.net\/wp-content\/uploads\/2021\/09\/5-guilde-du-pommier.jpeg\" alt=\"\" data-id=\"362\" data-full-url=\"http:\/\/xoqeuee.cluster028.hosting.ovh.net\/wp-content\/uploads\/2021\/09\/5-guilde-du-pommier.jpeg\" data-link=\"http:\/\/xoqeuee.cluster028.hosting.ovh.net\/?attachment_id=362\" class=\"wp-image-362\" srcset=\"https:\/\/stcojardin.fr\/wp-content\/uploads\/2021\/09\/5-guilde-du-pommier.jpeg 1024w, https:\/\/stcojardin.fr\/wp-content\/uploads\/2021\/09\/5-guilde-du-pommier-300x225.jpeg 300w, https:\/\/stcojardin.fr\/wp-content\/uploads\/2021\/09\/5-guilde-du-pommier-768x576.jpeg 768w\" sizes=\"auto, (max-width: 1024px) 100vw, 1024px\" \/><figcaption class=\"blocks-gallery-item__caption\">le pommier<\/figcaption><\/figure><\/li><li class=\"blocks-gallery-item\"><figure><img loading=\"lazy\" decoding=\"async\" width=\"1024\" height=\"768\" src=\"http:\/\/xoqeuee.cluster028.hosting.ovh.net\/wp-content\/uploads\/2021\/09\/6-guilde-du-poirier.jpeg\" alt=\"\" data-id=\"366\" data-full-url=\"http:\/\/xoqeuee.cluster028.hosting.ovh.net\/wp-content\/uploads\/2021\/09\/6-guilde-du-poirier.jpeg\" data-link=\"http:\/\/xoqeuee.cluster028.hosting.ovh.net\/index.php\/projet-verger-maraicher\/6-guilde-du-poirier\/\" class=\"wp-image-366\" srcset=\"https:\/\/stcojardin.fr\/wp-content\/uploads\/2021\/09\/6-guilde-du-poirier.jpeg 1024w, https:\/\/stcojardin.fr\/wp-content\/uploads\/2021\/09\/6-guilde-du-poirier-300x225.jpeg 300w, https:\/\/stcojardin.fr\/wp-content\/uploads\/2021\/09\/6-guilde-du-poirier-768x576.jpeg 768w\" sizes=\"auto, (max-width: 1024px) 100vw, 1024px\" \/><figcaption class=\"blocks-gallery-item__caption\">le poirier<\/figcaption><\/figure><\/li><li class=\"blocks-gallery-item\"><figure><img loading=\"lazy\" decoding=\"async\" width=\"1024\" height=\"768\" src=\"http:\/\/xoqeuee.cluster028.hosting.ovh.net\/wp-content\/uploads\/2021\/09\/7-guilde-du-figuier.jpeg\" alt=\"\" data-id=\"363\" data-full-url=\"http:\/\/xoqeuee.cluster028.hosting.ovh.net\/wp-content\/uploads\/2021\/09\/7-guilde-du-figuier.jpeg\" data-link=\"http:\/\/xoqeuee.cluster028.hosting.ovh.net\/?attachment_id=363\" class=\"wp-image-363\" srcset=\"https:\/\/stcojardin.fr\/wp-content\/uploads\/2021\/09\/7-guilde-du-figuier.jpeg 1024w, https:\/\/stcojardin.fr\/wp-content\/uploads\/2021\/09\/7-guilde-du-figuier-300x225.jpeg 300w, https:\/\/stcojardin.fr\/wp-content\/uploads\/2021\/09\/7-guilde-du-figuier-768x576.jpeg 768w\" sizes=\"auto, (max-width: 1024px) 100vw, 1024px\" \/><figcaption class=\"blocks-gallery-item__caption\">le figuier<\/figcaption><\/figure><\/li><\/ul><\/figure>\n","protected":false},"excerpt":{"rendered":"<p>Le guilde des arbres fruitiers Pour choisir notre verger-maraicher, le mieux est de se r\u00e9f\u00e9rer aux guildes des arbres fruitiers Que signifie le terme de guilde?\u00ab&nbsp;Une guilde, ou ghilde ou gilde d\u00e9signait au Moyen \u00c2ge [&#8230;]<\/p>\n","protected":false},"author":3,"featured_media":0,"parent":0,"menu_order":0,"comment_status":"open","ping_status":"closed","template":"","meta":{"footnotes":""},"class_list":["post-154","page","type-page","status-publish","hentry"],"_links":{"self":[{"href":"https:\/\/stcojardin.fr\/index.php\/wp-json\/wp\/v2\/pages\/154","targetHints":{"allow":["GET"]}}],"collection":[{"href":"https:\/\/stcojardin.fr\/index.php\/wp-json\/wp\/v2\/pages"}],"about":[{"href":"https:\/\/stcojardin.fr\/index.php\/wp-json\/wp\/v2\/types\/page"}],"author":[{"embeddable":true,"href":"https:\/\/stcojardin.fr\/index.php\/wp-json\/wp\/v2\/users\/3"}],"replies":[{"embeddable":true,"href":"https:\/\/stcojardin.fr\/index.php\/wp-json\/wp\/v2\/comments?post=154"}],"version-history":[{"count":5,"href":"https:\/\/stcojardin.fr\/index.php\/wp-json\/wp\/v2\/pages\/154\/revisions"}],"predecessor-version":[{"id":385,"href":"https:\/\/stcojardin.fr\/index.php\/wp-json\/wp\/v2\/pages\/154\/revisions\/385"}],"wp:attachment":[{"href":"https:\/\/stcojardin.fr\/index.php\/wp-json\/wp\/v2\/media?parent=154"}],"curies":[{"name":"wp","href":"https:\/\/api.w.org\/{rel}","templated":true}]}}