{"id":169,"date":"2021-08-27T13:50:49","date_gmt":"2021-08-27T11:50:49","guid":{"rendered":"http:\/\/xoqeuee.cluster028.hosting.ovh.net\/?page_id=169"},"modified":"2022-01-25T11:22:32","modified_gmt":"2022-01-25T10:22:32","slug":"traitements-naturels","status":"publish","type":"page","link":"https:\/\/stcojardin.fr\/index.php\/traitements-naturels\/","title":{"rendered":"La Haie S\u00e8che"},"content":{"rendered":"\n<figure class=\"wp-block-image size-large\"><img loading=\"lazy\" decoding=\"async\" width=\"1024\" height=\"683\" src=\"http:\/\/xoqeuee.cluster028.hosting.ovh.net\/wp-content\/uploads\/2022\/01\/DSC07609-1024x683.jpeg\" alt=\"\" class=\"wp-image-465\" srcset=\"https:\/\/stcojardin.fr\/wp-content\/uploads\/2022\/01\/DSC07609-1024x683.jpeg 1024w, https:\/\/stcojardin.fr\/wp-content\/uploads\/2022\/01\/DSC07609-300x200.jpeg 300w, https:\/\/stcojardin.fr\/wp-content\/uploads\/2022\/01\/DSC07609-768x512.jpeg 768w, https:\/\/stcojardin.fr\/wp-content\/uploads\/2022\/01\/DSC07609-1536x1024.jpeg 1536w, https:\/\/stcojardin.fr\/wp-content\/uploads\/2022\/01\/DSC07609-2048x1365.jpeg 2048w, https:\/\/stcojardin.fr\/wp-content\/uploads\/2022\/01\/DSC07609-1800x1200.jpeg 1800w\" sizes=\"auto, (max-width: 1024px) 100vw, 1024px\" \/><figcaption><em>La technique consiste \u00e0 entasser des branchages de bois mort, des racines, des rameaux \u00e0 l\u2019horizontale entre des piquets en bois  jusqu\u2019\u00e0 un m\u00e8tre de hauteur.<\/em><\/figcaption><\/figure>\n\n\n\n<p>La haie s\u00e8che, pourquoi faire ?<\/p>\n\n\n\n<p>&#8220;Cette technique ancestrale, dont il existe des traces arch\u00e9ologiques de l\u2019\u00e8re celte, a \u00e9t\u00e9 remise en vogue par l\u2019\u00e9cologue allemand Hermann Benjes pendant les ann\u00e9es 1980. On les appelle d\u2019ailleurs parfois des &#8220;haies de Benjes&#8221;.<br>Les &#8220;haies s\u00e8ches&#8221; prot\u00e8gent des animaux sauvages et domestiques. Ces cl\u00f4tures sont constitu\u00e9es de branchages plac\u00e9s entre deux rangs de piquets. La mise en place est possible en toute saison et repr\u00e9sente une solution simple, rapide et peu co\u00fbteuse pour cl\u00f4turer un jardin, un potager ou un verger.  <em>Nous l&#8217;avons ici dans notre jardin \u00e0 Saint Colomban d\u00e9doubler de la cl\u00f4ture pour servir aussi de brise-vent dans les vents de Nord-Est pour prot\u00e9ger nos plantations de fruitiers<\/em><\/p>\n\n\n\n<p>Pour construire une haie s\u00e8che, il faut planter deux rang\u00e9es de piquets espac\u00e9s d\u2019un m\u00e8tre . L\u2019espace entre les deux rang\u00e9es est de 50 \u00e0 80 cm et, pour les jardins ou potagers susceptibles d\u2019\u00eatre visit\u00e9s par les chevreuils, une hauteur d\u20191,80 m est pr\u00e9conis\u00e9e. <br>Pour les piquets, l\u2019essence choisie doit \u00eatre imputrescible (ch\u00e2taignier, acacia, ch\u00eane\u2026). <em>Nous n&#8217;avons pas choisi!.<\/em> Ensuite, entre les piquets, il suffit simplement d\u2019empiler des branches, fra\u00eeches ou s\u00e8ches, et de pr\u00e9f\u00e9rence assez ramifi\u00e9es. Aucune essence n\u2019est ici conseill\u00e9e. Le fait d\u2019entrelacer certains branchages cr\u00e9e une plus grande r\u00e9sistance. Il est possible d\u2019ajouter des feuilles mortes, des r\u00e9sidus de tailles d\u2019arbres et d\u2019arbustes.<\/p>\n\n\n\n<figure class=\"wp-block-image is-resized\"><img loading=\"lazy\" decoding=\"async\" src=\"http:\/\/xoqeuee.cluster028.hosting.ovh.net\/wp-content\/uploads\/2022\/01\/La-haie-se\u0300che-du-JardinStCo.003.jpeg\" alt=\"\" class=\"wp-image-466\" width=\"894\" height=\"598\" srcset=\"https:\/\/stcojardin.fr\/wp-content\/uploads\/2022\/01\/La-haie-se\u0300che-du-JardinStCo.003.jpeg 523w, https:\/\/stcojardin.fr\/wp-content\/uploads\/2022\/01\/La-haie-se\u0300che-du-JardinStCo.003-300x201.jpeg 300w\" sizes=\"auto, (max-width: 894px) 100vw, 894px\" \/><figcaption><em>Nous avons choisi ici un espacement d&#8217;1m 50<\/em>,<em> les deux piquets avec une hauteur de 1m50 que nous avons r\u00e9cup\u00e9r\u00e9 du d\u00e9frichage du jardin ou des parcelles autour<\/em>, a<em>vec 40 cm entre les deux piquets de la m\u00eame rang\u00e9e<\/em><\/figcaption><\/figure>\n\n\n\n<figure class=\"wp-block-image size-large is-resized\"><img loading=\"lazy\" decoding=\"async\" src=\"http:\/\/xoqeuee.cluster028.hosting.ovh.net\/wp-content\/uploads\/2022\/01\/DSC07611-683x1024.jpeg\" alt=\"\" class=\"wp-image-467\" width=\"893\" height=\"1339\" srcset=\"https:\/\/stcojardin.fr\/wp-content\/uploads\/2022\/01\/DSC07611-683x1024.jpeg 683w, https:\/\/stcojardin.fr\/wp-content\/uploads\/2022\/01\/DSC07611-200x300.jpeg 200w, https:\/\/stcojardin.fr\/wp-content\/uploads\/2022\/01\/DSC07611-768x1152.jpeg 768w, https:\/\/stcojardin.fr\/wp-content\/uploads\/2022\/01\/DSC07611-1024x1536.jpeg 1024w, https:\/\/stcojardin.fr\/wp-content\/uploads\/2022\/01\/DSC07611-1365x2048.jpeg 1365w, https:\/\/stcojardin.fr\/wp-content\/uploads\/2022\/01\/DSC07611-1800x2700.jpeg 1800w, https:\/\/stcojardin.fr\/wp-content\/uploads\/2022\/01\/DSC07611-scaled.jpeg 1707w\" sizes=\"auto, (max-width: 893px) 100vw, 893px\" \/><figcaption><em>L&#8217;entrelacement des branches est parfois difficile mais en les tassant, tout rentre&#8230;<\/em><\/figcaption><\/figure>\n\n\n\n<p>Comment \u00e9volue une haie s\u00e8che dans le temps ?<br>La haie s\u00e8che forme une cl\u00f4ture, elle prot\u00e8ge les cultures du jardin du vent et peut m\u00eame servir de support pour des l\u00e9gumes grimpants. Elle accueille la biodiversit\u00e9 en cr\u00e9ant un habitat pour la faune : les oiseaux, les h\u00e9rissons, les insectes\u2026 Peu \u00e0 peu, les branchages vont se d\u00e9composer et cr\u00e9er \u00e0 la base de la haie une terre v\u00e9g\u00e9tale riche en mati\u00e8re organique. Les graines d\u2019arbres et d\u2019arbustes, pr\u00e9sentes dans les d\u00e9jections d\u2019oiseaux, vont germer dans le sol ; une haie naturelle de noisetier, d\u2019\u00e9rable sycomore, d\u2019aub\u00e9pine, de prunellier\u2026 va petit \u00e0 petit se cr\u00e9er ! Il faudra par contre \u00eatre patient le temps que la haie se mette en place. Les graines contenues dans les d\u00e9jections des visiteurs de la haie (petits mammif\u00e8res, oiseaux, \u2026) ensemenceront l\u2019amas de branchages avec les graines d\u2019esp\u00e8ces v\u00e9g\u00e9tales environnantes. La haie sera donc constitu\u00e9e des esp\u00e8ces v\u00e9g\u00e9tales des alentours.<br>Par ailleurs, cette haie peut servir de tuteur, de support aux potirons, concombres, melons, ou \u00e0 la capucine par exemple.Enfin, ces haies mettant les cultures \u00e0 l\u2019abri des vents mais retiennent aussi les feuilles mortes et servent donc de r\u00e9servoir de mati\u00e8re organique \u00e0 proximit\u00e9 des zones cultiv\u00e9es\u2026<\/p>\n\n\n\n<p>Quelle utilit\u00e9 pour la biodiversit\u00e9 au jardin\u00a0?<br>La haie, qu\u2019elle soit vivace ou s\u00e8che est un excellent coupe-vent. Elle contribue par ailleurs \u00e0 pr\u00e9server la biodiversit\u00e9 en fournissant nourriture et abri. Ce sont en premier les insectes qui vont y trouver refuge en nombre, notamment certaines esp\u00e8ces de carabes qui sont fort utiles pour limiter la prolif\u00e9ration des limaces et escargots. D\u2019autres insectes auxiliaires tr\u00e8s int\u00e9ressants pour le jardinier s\u2019y inviteront, comme la chrysope. Cette derni\u00e8re est grande consommatrice de pucerons, et ce, bien plus que la larve de coccinelle.<br>C\u2019est \u00e9galement un refuge pour bien de petits mammif\u00e8res qui peuvent s\u2019y cacher en \u00e9t\u00e9 comme en hiver. Le h\u00e9risson figure parmi les animaux qui appr\u00e9cient ce genre d\u2019am\u00e9nagement. Il peut \u00eatre possible d\u2019y pr\u00e9voir d\u2019embl\u00e9e un espace pour qu\u2019il y niche. <br><em>D\u2019un point de vue purement pratique, les branchages que vous voyez sur les photos viennent du d\u00e9frichage du terrain et c&#8217;est une bonne mani\u00e8re pour les entasser sans avoir \u00e0 les broyer.<\/em><br>Une fois la hauteur atteinte, passez un fil de fer ou tout autre lien en zigzag d\u2019un piquet \u00e0 l\u2019autre sur le haut afin d\u2019\u00e9viter qu\u2019ils ne s\u2019\u00e9cartent.<br><br><\/p>\n\n\n\n<figure class=\"wp-block-image size-large\"><img loading=\"lazy\" decoding=\"async\" width=\"1024\" height=\"683\" src=\"http:\/\/xoqeuee.cluster028.hosting.ovh.net\/wp-content\/uploads\/2022\/01\/DSC07610-1024x683.jpeg\" alt=\"\" class=\"wp-image-468\" srcset=\"https:\/\/stcojardin.fr\/wp-content\/uploads\/2022\/01\/DSC07610-1024x683.jpeg 1024w, https:\/\/stcojardin.fr\/wp-content\/uploads\/2022\/01\/DSC07610-300x200.jpeg 300w, https:\/\/stcojardin.fr\/wp-content\/uploads\/2022\/01\/DSC07610-768x512.jpeg 768w, https:\/\/stcojardin.fr\/wp-content\/uploads\/2022\/01\/DSC07610-1536x1024.jpeg 1536w, https:\/\/stcojardin.fr\/wp-content\/uploads\/2022\/01\/DSC07610-2048x1365.jpeg 2048w, https:\/\/stcojardin.fr\/wp-content\/uploads\/2022\/01\/DSC07610-1800x1200.jpeg 1800w\" sizes=\"auto, (max-width: 1024px) 100vw, 1024px\" \/><figcaption>L<em>a haie peut servir de tuteur, de support aux potirons, concombres, melons, ou \u00e0 la capucine par exemple. Ces haies mettent les cultures \u00e0 l\u2019abri des vents et retiennent aussi les feuilles mortes et servent donc de r\u00e9servoir de mati\u00e8re organique \u00e0 proximit\u00e9 des zones cultiv\u00e9es\u2026<\/em><\/figcaption><\/figure>\n\n\n\n<p>A venir&#8230; l&#8217;observation de l&#8217;\u00e9volution de notre premi\u00e8re haie s\u00e8che. Cette technique naturelle a toutefois un revers.     Si vous n\u2019y ajoutez pas tous les ans de nouvelles branches, les graines apport\u00e9es par les oiseaux et autres mammif\u00e8res vont y trouver un terrain propice pour leur d\u00e9veloppement. Cette structure s\u2019entretient facilement.        A mesure que les branchages se d\u00e9composent et se tassent, il est toujours possible d\u2019en rajouter par en haut. On peut m\u00eame ins\u00e9rer des rameaux suppl\u00e9mentaires par le c\u00f4t\u00e9 pour reboucher un trou. le mieux est peut-\u00eatre de pr\u00e9voir \u00e0 long terme et sous la haie morte disposer des ch\u00e2taignes, des noisettes, des baies de sureau ou d\u2019aub\u00e9pine, les samarres du fr\u00eane, et de laisser la cl\u00f4ture prot\u00e9ger la croissance des petits arbres qui vous feront une haie vive quand la haie morte aura v\u00e9cu&#8230;   Passionnant \u00e0 suivre<\/p>\n\n\n\n<p><em>R\u00e9f\u00e9rence   La construction d\u2019une haie s\u00e8che : cl\u00f4ture de tradition tr\u00e8s ancienne  Rustica 2021<\/em><\/p>\n","protected":false},"excerpt":{"rendered":"<p>La haie s\u00e8che, pourquoi faire ? &#8220;Cette technique ancestrale, dont il existe des traces arch\u00e9ologiques de l\u2019\u00e8re celte, a \u00e9t\u00e9 remise en vogue par l\u2019\u00e9cologue allemand Hermann Benjes pendant les ann\u00e9es 1980. On les appelle [&#8230;]<\/p>\n","protected":false},"author":1,"featured_media":0,"parent":0,"menu_order":0,"comment_status":"open","ping_status":"closed","template":"","meta":{"footnotes":""},"class_list":["post-169","page","type-page","status-publish","hentry"],"_links":{"self":[{"href":"https:\/\/stcojardin.fr\/index.php\/wp-json\/wp\/v2\/pages\/169","targetHints":{"allow":["GET"]}}],"collection":[{"href":"https:\/\/stcojardin.fr\/index.php\/wp-json\/wp\/v2\/pages"}],"about":[{"href":"https:\/\/stcojardin.fr\/index.php\/wp-json\/wp\/v2\/types\/page"}],"author":[{"embeddable":true,"href":"https:\/\/stcojardin.fr\/index.php\/wp-json\/wp\/v2\/users\/1"}],"replies":[{"embeddable":true,"href":"https:\/\/stcojardin.fr\/index.php\/wp-json\/wp\/v2\/comments?post=169"}],"version-history":[{"count":3,"href":"https:\/\/stcojardin.fr\/index.php\/wp-json\/wp\/v2\/pages\/169\/revisions"}],"predecessor-version":[{"id":469,"href":"https:\/\/stcojardin.fr\/index.php\/wp-json\/wp\/v2\/pages\/169\/revisions\/469"}],"wp:attachment":[{"href":"https:\/\/stcojardin.fr\/index.php\/wp-json\/wp\/v2\/media?parent=169"}],"curies":[{"name":"wp","href":"https:\/\/api.w.org\/{rel}","templated":true}]}}