{"id":216,"date":"2021-08-27T14:03:36","date_gmt":"2021-08-27T12:03:36","guid":{"rendered":"http:\/\/xoqeuee.cluster028.hosting.ovh.net\/?page_id=216"},"modified":"2021-10-17T21:47:56","modified_gmt":"2021-10-17T19:47:56","slug":"la-culture-de-rene","status":"publish","type":"page","link":"https:\/\/stcojardin.fr\/index.php\/la-culture-de-rene\/","title":{"rendered":"&#8220;Bienvenue dans un jardin de vie&#8221;"},"content":{"rendered":"\n<p>StCo Jardin est une association qui g\u00e8re un jardin collectif partag\u00e9 en \u00ab\u00a0permaculture\u00a0\u00bb (respect de la terre, des plantes et des personnes).<br>StCo Jardin respecte l\u2019environnement, le voisinage de l\u2019ostr\u00e9iculture en n\u2019utilisant aucun intrant chimique ni engrais d\u2019origine animale.<br>Nous nous inspirons du \u00ab\u00a0mara\u00eechage en sol vivant\u00a0\u00bb, en nourrissant la terre avec des engrais verts, des mati\u00e8res carbon\u00e9es (foin, paille), et une diversit\u00e9 des cultures.Tout cela favorise le d\u00e9veloppement des mycorhises, des micro-organismes dans le sol et une symbiose entre les plantes.<br>Le jardin est un ancien terrain agricole abandonn\u00e9 \u00e0 la vie naturelle depuis 1985, envahi par des pruneliers, des ronces, des foug\u00e8res, des fr\u00eanes\u2026 et plus r\u00e9cemment des baccharis.<br>Le jardin a \u00e9t\u00e9 d\u00e9broussaill\u00e9 d\u00e9but avril 2021 par broyage des v\u00e9g\u00e9taux et a\u00e9r\u00e9 par un griffage du sol.<br>Nous avons r\u00e9alis\u00e9 un design du jardin pour faciliter la circulation et avons entrepris un travail plus en douceur avec pics, grelinettes, binettes\u2026<br>Dans ce jardin qui est un lieu de partage et d\u2019\u00e9change, les cultures se sont mises en place naturellement et nous ont donn\u00e9 des r\u00e9sultats au-del\u00e0 de nos esp\u00e9rances pour une premi\u00e8re ann\u00e9e.<br>Nous pouvons dire que la nature est g\u00e9n\u00e9reuse quand nous collaborons avec elle et pr\u00e9servons le vivant.<br>Le jardin aide \u00e0 \u00eatre dans le moment pr\u00e9sent et le cadre magique y participe pleinement.<\/p>\n\n\n\n<p>Carnac Octobre 2021 Le pr\u00e9sident de l\u2019Association Ren\u00e9 Le Mestre<\/p>\n","protected":false},"excerpt":{"rendered":"<p>StCo Jardin est une association qui g\u00e8re un jardin collectif partag\u00e9 en \u00ab\u00a0permaculture\u00a0\u00bb (respect de la terre, des plantes et des personnes).StCo Jardin respecte l\u2019environnement, le voisinage de l\u2019ostr\u00e9iculture en n\u2019utilisant aucun intrant chimique ni [&#8230;]<\/p>\n","protected":false},"author":1,"featured_media":0,"parent":0,"menu_order":0,"comment_status":"open","ping_status":"closed","template":"","meta":{"footnotes":""},"class_list":["post-216","page","type-page","status-publish","hentry"],"_links":{"self":[{"href":"https:\/\/stcojardin.fr\/index.php\/wp-json\/wp\/v2\/pages\/216","targetHints":{"allow":["GET"]}}],"collection":[{"href":"https:\/\/stcojardin.fr\/index.php\/wp-json\/wp\/v2\/pages"}],"about":[{"href":"https:\/\/stcojardin.fr\/index.php\/wp-json\/wp\/v2\/types\/page"}],"author":[{"embeddable":true,"href":"https:\/\/stcojardin.fr\/index.php\/wp-json\/wp\/v2\/users\/1"}],"replies":[{"embeddable":true,"href":"https:\/\/stcojardin.fr\/index.php\/wp-json\/wp\/v2\/comments?post=216"}],"version-history":[{"count":3,"href":"https:\/\/stcojardin.fr\/index.php\/wp-json\/wp\/v2\/pages\/216\/revisions"}],"predecessor-version":[{"id":396,"href":"https:\/\/stcojardin.fr\/index.php\/wp-json\/wp\/v2\/pages\/216\/revisions\/396"}],"wp:attachment":[{"href":"https:\/\/stcojardin.fr\/index.php\/wp-json\/wp\/v2\/media?parent=216"}],"curies":[{"name":"wp","href":"https:\/\/api.w.org\/{rel}","templated":true}]}}