{"id":230,"date":"2021-08-27T14:18:09","date_gmt":"2021-08-27T12:18:09","guid":{"rendered":"http:\/\/xoqeuee.cluster028.hosting.ovh.net\/?page_id=230"},"modified":"2021-10-17T22:03:47","modified_gmt":"2021-10-17T20:03:47","slug":"le-clin-doeil-de-jean","status":"publish","type":"page","link":"https:\/\/stcojardin.fr\/index.php\/le-clin-doeil-de-jean\/","title":{"rendered":"Tout est vivant, Tout est vivant, Tout est possible"},"content":{"rendered":"\n<p>Circulaire, lin\u00e9aire, ou combinaison spiral\u00e9e, ainsi va la biodiversit\u00e9, au gr\u00e8s de conditions climatiques et environnantes donn\u00e9es et changeantes,<\/p>\n\n\n\n<p>Conditions qui ont vari\u00e9 au cours des mill\u00e9naires, lentement, mais bien plus vite maintenant,<\/p>\n\n\n\n<p>La sixi\u00e8me extinction actuelle est en marche, pourrons nous la ralentir, l&#8217;arr\u00eater?<\/p>\n\n\n\n<p>L&#8217;esp\u00e8ce humaine contribue \u00e0 cette \u00e9volution, par son g\u00e9nie ou par sa cupidit\u00e9. L\u2019homme prend-il trop de place, trop de pouvoir?<\/p>\n\n\n\n<p>Tout \u00eatre vivant a dans son programme l\u2019objectif de se reproduire pour garantir la p\u00e9rennit\u00e9 de l\u2019esp\u00e8ce,<\/p>\n\n\n\n<p>Souvent Il s\u2019associe avec d&#8217;autres \u00eatres vivants et dans une sublime synergie il renforce sa force vitale,<\/p>\n\n\n\n<p>Parfois comme dans le cas des lichens, le mariage va jusqu&#8217;\u00e0 la fusion d&#8217;une algue et d&#8217;un champignon,<\/p>\n\n\n\n<p>La vie sait tout recycler ou r\u00e9utiliser,<\/p>\n\n\n\n<p>Saurons-nous \u00eatre une esp\u00e8ce parmi d&#8217;autres et qui respecte les autres, toutes les autres et qui respecte sa propre esp\u00e8ce par le partage et pour l&#8217;avenir des g\u00e9n\u00e9rations futures,<\/p>\n\n\n\n<p>Nos penseurs modernes pessimistes ou lucides qui proposent des voies de transition et les optimistes qui croient en la science sauront -ils se f\u00e9conder?<\/p>\n\n\n\n<p>En route pour des solutions de proximit\u00e9, de sobri\u00e9t\u00e9, de sens en sachant que certaines sont encore inconnues, \u00e0 inventer, parmi les vicissitudes et les opportunit\u00e9s de l\u2019\u00e9cume des jours, avec l&#8217;aide ou non de la providence ?<\/p>\n\n\n\n<p>Carnac   octobre 2021 Jean Ferrand<\/p>\n","protected":false},"excerpt":{"rendered":"<p>Circulaire, lin\u00e9aire, ou combinaison spiral\u00e9e, ainsi va la biodiversit\u00e9, au gr\u00e8s de conditions climatiques et environnantes donn\u00e9es et changeantes, Conditions qui ont vari\u00e9 au cours des mill\u00e9naires, lentement, mais bien plus vite maintenant, La sixi\u00e8me [&#8230;]<\/p>\n","protected":false},"author":1,"featured_media":0,"parent":0,"menu_order":0,"comment_status":"open","ping_status":"closed","template":"","meta":{"footnotes":""},"class_list":["post-230","page","type-page","status-publish","hentry"],"_links":{"self":[{"href":"https:\/\/stcojardin.fr\/index.php\/wp-json\/wp\/v2\/pages\/230","targetHints":{"allow":["GET"]}}],"collection":[{"href":"https:\/\/stcojardin.fr\/index.php\/wp-json\/wp\/v2\/pages"}],"about":[{"href":"https:\/\/stcojardin.fr\/index.php\/wp-json\/wp\/v2\/types\/page"}],"author":[{"embeddable":true,"href":"https:\/\/stcojardin.fr\/index.php\/wp-json\/wp\/v2\/users\/1"}],"replies":[{"embeddable":true,"href":"https:\/\/stcojardin.fr\/index.php\/wp-json\/wp\/v2\/comments?post=230"}],"version-history":[{"count":3,"href":"https:\/\/stcojardin.fr\/index.php\/wp-json\/wp\/v2\/pages\/230\/revisions"}],"predecessor-version":[{"id":400,"href":"https:\/\/stcojardin.fr\/index.php\/wp-json\/wp\/v2\/pages\/230\/revisions\/400"}],"wp:attachment":[{"href":"https:\/\/stcojardin.fr\/index.php\/wp-json\/wp\/v2\/media?parent=230"}],"curies":[{"name":"wp","href":"https:\/\/api.w.org\/{rel}","templated":true}]}}