{"id":237,"date":"2021-08-27T14:26:18","date_gmt":"2021-08-27T12:26:18","guid":{"rendered":"http:\/\/xoqeuee.cluster028.hosting.ovh.net\/?page_id=237"},"modified":"2022-03-31T15:51:54","modified_gmt":"2022-03-31T13:51:54","slug":"rapports-des-seances-de-jardinage","status":"publish","type":"page","link":"https:\/\/stcojardin.fr\/index.php\/rapports-des-seances-de-jardinage\/","title":{"rendered":"Plantation des arbres fruitiers : design et guilde"},"content":{"rendered":"\n<p>La conf\u00e9rence tr\u00e8s int\u00e9ressante de Cyril DENERY \u00e0 Kerplouz (Soci\u00e9t\u00e9 Horticole du Pays d\u2019Auray) nous am\u00e8ne \u00e0 regarder notre jardin en 3D et de pr\u00e9voir l\u2019\u00e9volution des plantations des arbres fruitiers lorsqu\u2019ils auront atteint leur taille adulte   <\/p>\n\n\n\n<p>R\u00e9sumons les messages que nous avons re\u00e7u du conf\u00e9rencier:<br>C\u2019est en tant qu\u2019architecte que le design d\u2019une haie se pr\u00e9pare, en prenant conscience de la notion d\u2019espaces pleins et d\u2019espaces vides, en se projetant en \u00ab\u00a03D\u00a0\u00bb: <\/p>\n\n\n\n<ul class=\"wp-block-list\"><li>notamment dans le plan qui repartit les arbres et les plantes devant nous , comme nous les regardons, <\/li><li>mais aussi en surplomb , comme dans le plan que nous avons fait ou comme l\u2019image obtenue avec un drone qui survole notre jardin<\/li><li>C\u2019est \u00e0 partir au moins de ces deux plans que vous pouvez faire le design de votre haie en tenant compte de son orientation NS ou EO, en fonction du soleil et de l\u2019ombre port\u00e9e de vos arbres, en fonction des vents et de la protection naturelle de votre site<\/li><li>Pour cela , un crayon et une feuille blanche o\u00f9 vous dessinez votre grouillot (personnage neutre, dessin\u00e9 dans une \u00e9l\u00e9vation, une coupe ou une perspective architecturale pour donner l\u2019\u00e9chelle et une apparence de vie).<\/li><\/ul>\n\n\n\n<p>Comme exercice pratique, extrapolons dans notre jardin avec les plantations d\u2019arbres fruitiers devant la haie s\u00e8che et \u00e0-c\u00f4t\u00e9 de l\u2019installation \u00ab\u00a0transitoire\u00a0\u00bb faite pour les semis sous serre (en jaune).<br>Le plan est divis\u00e9 en deux parties au dessus d\u2019une ligne de 15 m de long<\/p>\n\n\n\n<ul class=\"wp-block-list\"><li>au-dessus la repr\u00e9sentation des arbres \u00e0 leur taille adulte ( 3m pour le figuier et le poirier et au milieu, 4 m pour le pommier): 3 plants de vigne sont aussi repr\u00e9sent\u00e9s , s\u2019appuyant sur la cl\u00f4ture<\/li><li>en dessous , la repr\u00e9sentation vue du haut comme sur un plan, montrant les trois arbres avec leur ombre \u00e0 l\u2019\u00e2ge adulte, avec les couloirs de circulation (3) en hachur\u00e9 (en orange)<\/li><\/ul>\n\n\n\n<figure class=\"wp-block-image size-large\"><img loading=\"lazy\" decoding=\"async\" width=\"1024\" height=\"667\" src=\"http:\/\/xoqeuee.cluster028.hosting.ovh.net\/wp-content\/uploads\/2022\/03\/Design-plantations-1024x667.jpeg\" alt=\"\" class=\"wp-image-503\" srcset=\"https:\/\/stcojardin.fr\/wp-content\/uploads\/2022\/03\/Design-plantations-1024x667.jpeg 1024w, https:\/\/stcojardin.fr\/wp-content\/uploads\/2022\/03\/Design-plantations-300x195.jpeg 300w, https:\/\/stcojardin.fr\/wp-content\/uploads\/2022\/03\/Design-plantations-768x500.jpeg 768w, https:\/\/stcojardin.fr\/wp-content\/uploads\/2022\/03\/Design-plantations.jpeg 1470w\" sizes=\"auto, (max-width: 1024px) 100vw, 1024px\" \/><\/figure>\n\n\n\n<p>L\u2019orientation est Est-Ouest avec la vue de la partie Est du jardin<br>Quand nous regardons la protection de cette partie du jardin, , il est bien prot\u00e9g\u00e9 des vents du Nord par le \u00ab\u00a0petit bois\u00a0\u00bb \u00e0 gauche, et des vents d\u2019Est par plusieurs plans d\u2019arbre ou arbustes (roncier et de la haie s\u00e8che (en pointill\u00e9 et en arri\u00e8re plan (voir photo). Il reste expos\u00e9 aux vents d\u2019Ouest. Son orientation vers l\u2019Ouest lui donne beaucoup de lumi\u00e8re<br>Pour une bonne r\u00e9partition des diff\u00e9rentes strates (tubercules, couvre-sols, strate herbac\u00e9e haute, buissons arbustes et arbres et lianes), il convient de garder \u00e0 l\u2019esprit l\u2019ombre des trois arbres fruitiers.<br>Hors des zones, il reste deux espaces vides, en vert clair avec une pleine exposition sud-Ouest) et en vert fonc\u00e9 des zones en vert fonc\u00e9 mi-ombre mi-soleil.<\/p>\n\n\n\n<p><\/p>\n\n\n\n<p>Maintenant merci de faire vos commentaires et de proposer un projet de plantes autour des arbres dans les espaces vides entour\u00e9s de vert et m\u00eame aussi de plantes dans l&#8217;ombre th\u00e9orique de l&#8217;arbre \u00e0 maturit\u00e9<\/p>\n\n\n\n<figure class=\"wp-block-image size-large\"><img loading=\"lazy\" decoding=\"async\" width=\"1024\" height=\"574\" src=\"http:\/\/xoqeuee.cluster028.hosting.ovh.net\/wp-content\/uploads\/2022\/03\/DSC07853-1024x574.jpeg\" alt=\"\" class=\"wp-image-504\" srcset=\"https:\/\/stcojardin.fr\/wp-content\/uploads\/2022\/03\/DSC07853-1024x574.jpeg 1024w, https:\/\/stcojardin.fr\/wp-content\/uploads\/2022\/03\/DSC07853-300x168.jpeg 300w, https:\/\/stcojardin.fr\/wp-content\/uploads\/2022\/03\/DSC07853-768x430.jpeg 768w, https:\/\/stcojardin.fr\/wp-content\/uploads\/2022\/03\/DSC07853-1536x861.jpeg 1536w, https:\/\/stcojardin.fr\/wp-content\/uploads\/2022\/03\/DSC07853-2048x1147.jpeg 2048w, https:\/\/stcojardin.fr\/wp-content\/uploads\/2022\/03\/DSC07853-1800x1008.jpeg 1800w\" sizes=\"auto, (max-width: 1024px) 100vw, 1024px\" \/><\/figure>\n\n\n\n<figure class=\"wp-block-image size-large\"><img loading=\"lazy\" decoding=\"async\" width=\"1024\" height=\"602\" src=\"http:\/\/xoqeuee.cluster028.hosting.ovh.net\/wp-content\/uploads\/2022\/03\/DSC08110-1024x602.jpeg\" alt=\"\" class=\"wp-image-505\" srcset=\"https:\/\/stcojardin.fr\/wp-content\/uploads\/2022\/03\/DSC08110-1024x602.jpeg 1024w, https:\/\/stcojardin.fr\/wp-content\/uploads\/2022\/03\/DSC08110-300x176.jpeg 300w, https:\/\/stcojardin.fr\/wp-content\/uploads\/2022\/03\/DSC08110-768x451.jpeg 768w, https:\/\/stcojardin.fr\/wp-content\/uploads\/2022\/03\/DSC08110-1536x903.jpeg 1536w, https:\/\/stcojardin.fr\/wp-content\/uploads\/2022\/03\/DSC08110-2048x1203.jpeg 2048w, https:\/\/stcojardin.fr\/wp-content\/uploads\/2022\/03\/DSC08110-1800x1058.jpeg 1800w\" sizes=\"auto, (max-width: 1024px) 100vw, 1024px\" \/><\/figure>\n\n\n\n<figure class=\"wp-block-image size-large\"><img loading=\"lazy\" decoding=\"async\" width=\"1024\" height=\"683\" src=\"http:\/\/xoqeuee.cluster028.hosting.ovh.net\/wp-content\/uploads\/2022\/03\/DSC08130-1024x683.jpeg\" alt=\"\" class=\"wp-image-506\" srcset=\"https:\/\/stcojardin.fr\/wp-content\/uploads\/2022\/03\/DSC08130-1024x683.jpeg 1024w, https:\/\/stcojardin.fr\/wp-content\/uploads\/2022\/03\/DSC08130-300x200.jpeg 300w, https:\/\/stcojardin.fr\/wp-content\/uploads\/2022\/03\/DSC08130-768x512.jpeg 768w, https:\/\/stcojardin.fr\/wp-content\/uploads\/2022\/03\/DSC08130-1536x1024.jpeg 1536w, https:\/\/stcojardin.fr\/wp-content\/uploads\/2022\/03\/DSC08130-2048x1365.jpeg 2048w, https:\/\/stcojardin.fr\/wp-content\/uploads\/2022\/03\/DSC08130-1800x1200.jpeg 1800w\" sizes=\"auto, (max-width: 1024px) 100vw, 1024px\" \/><\/figure>\n","protected":false},"excerpt":{"rendered":"<p>La conf\u00e9rence tr\u00e8s int\u00e9ressante de Cyril DENERY \u00e0 Kerplouz (Soci\u00e9t\u00e9 Horticole du Pays d\u2019Auray) nous am\u00e8ne \u00e0 regarder notre jardin en 3D et de pr\u00e9voir l\u2019\u00e9volution des plantations des arbres fruitiers lorsqu\u2019ils auront atteint leur [&#8230;]<\/p>\n","protected":false},"author":1,"featured_media":0,"parent":0,"menu_order":0,"comment_status":"open","ping_status":"closed","template":"","meta":{"footnotes":""},"class_list":["post-237","page","type-page","status-publish","hentry"],"_links":{"self":[{"href":"https:\/\/stcojardin.fr\/index.php\/wp-json\/wp\/v2\/pages\/237","targetHints":{"allow":["GET"]}}],"collection":[{"href":"https:\/\/stcojardin.fr\/index.php\/wp-json\/wp\/v2\/pages"}],"about":[{"href":"https:\/\/stcojardin.fr\/index.php\/wp-json\/wp\/v2\/types\/page"}],"author":[{"embeddable":true,"href":"https:\/\/stcojardin.fr\/index.php\/wp-json\/wp\/v2\/users\/1"}],"replies":[{"embeddable":true,"href":"https:\/\/stcojardin.fr\/index.php\/wp-json\/wp\/v2\/comments?post=237"}],"version-history":[{"count":4,"href":"https:\/\/stcojardin.fr\/index.php\/wp-json\/wp\/v2\/pages\/237\/revisions"}],"predecessor-version":[{"id":507,"href":"https:\/\/stcojardin.fr\/index.php\/wp-json\/wp\/v2\/pages\/237\/revisions\/507"}],"wp:attachment":[{"href":"https:\/\/stcojardin.fr\/index.php\/wp-json\/wp\/v2\/media?parent=237"}],"curies":[{"name":"wp","href":"https:\/\/api.w.org\/{rel}","templated":true}]}}