{"id":551,"date":"2022-04-27T21:35:07","date_gmt":"2022-04-27T19:35:07","guid":{"rendered":"http:\/\/xoqeuee.cluster028.hosting.ovh.net\/?page_id=551"},"modified":"2022-04-28T04:01:37","modified_gmt":"2022-04-28T02:01:37","slug":"plouharnel-26-avril-2022-espace-culturel","status":"publish","type":"page","link":"https:\/\/stcojardin.fr\/index.php\/plouharnel-26-avril-2022-espace-culturel\/","title":{"rendered":"Plouharnel  26 avril 2022  Espace culturel"},"content":{"rendered":"\n<p>Nous avons \u00e9t\u00e9 invit\u00e9s par la Mairie de Plouharnel , Mme Chantal Le Bihan , l&#8217;adjointe au maire Mme Annick Pinard  et le fr\u00e8re Pierre\u2011Marie Jourdan \u00e0 partager notre exp\u00e9rience du JardinStCo cr\u00e9\u00e9e en 2021 (avec celle plus ancienne du jardin des possibles  \u00e0 la Runel).  L&#8217;objectif est de cr\u00e9er les conditions d&#8217;une installation d&#8217;un jardin partag\u00e9 &#8220;ensemble&#8221; dans la commune de Plouharnel dans un endroit remarquable qui jouxte le jardin de Papy. C&#8217;est la pr\u00e9sentation faite dans ce cadre qui vous est propos\u00e9 pour vous donner l&#8217;envie de reproduire cette exp\u00e9rience ici \u00e0 Plouharnel ou ailleurs.<\/p>\n\n\n\n<p><\/p>\n\n\n\n<div class=\"wp-block-media-text alignwide is-stacked-on-mobile\" style=\"grid-template-columns:63% auto\"><figure class=\"wp-block-media-text__media\"><img loading=\"lazy\" decoding=\"async\" width=\"320\" height=\"240\" src=\"http:\/\/xoqeuee.cluster028.hosting.ovh.net\/wp-content\/uploads\/2022\/04\/IMG_3463.jpeg\" alt=\"\" class=\"wp-image-552 size-full\" srcset=\"https:\/\/stcojardin.fr\/wp-content\/uploads\/2022\/04\/IMG_3463.jpeg 320w, https:\/\/stcojardin.fr\/wp-content\/uploads\/2022\/04\/IMG_3463-300x225.jpeg 300w\" sizes=\"auto, (max-width: 320px) 100vw, 320px\" \/><\/figure><div class=\"wp-block-media-text__content\">\n<p class=\"has-text-align-center has-large-font-size\"><em>StCo Jardin<\/em><\/p>\n\n\n\n<p class=\"has-text-align-center has-large-font-size\"><strong>Une exp\u00e9rience de jardin \u00ab\u00a0ensemble\u00a0\u00bb<\/strong><\/p>\n<\/div><\/div>\n\n\n\n<h2 class=\"has-text-align-center wp-block-heading\"><strong>Historique<\/strong><\/h2>\n\n\n\n<p class=\"has-text-align-center\">Apr\u00e8s une premi\u00e8re exp\u00e9rience \u00e0 Carnac\u2026<br>Cr\u00e9ation d\u2019un jardin \u00e0 Saint Colomban (10 adh\u00e9rents au d\u00e9part)<br>Cr\u00e9ation de l\u2019association le 2 juin 2021<br>Sur un terrain non exploit\u00e9 depuis 1985, ronces pruneliers et \u2026..<br>Acquis en Mars 2021, d\u00e9frich\u00e9 en Avril, avec un travail important d\u2019abord avec l\u2019aide d\u2019un agriculteur local (Paul) puis de nettoyage (racines\u2026)<br>2\u00e8me ann\u00e9e et 2\u00e8me \u00e9tape de notre projet qui \u00e9volue..<\/p>\n\n\n\n<h2 class=\"has-text-align-center wp-block-heading\">Objectifs:  Quelles sont les attentes de chaque adh\u00e9rent<\/h2>\n\n\n\n<p class=\"has-text-align-center\">Elles sont multiples\u2026 et souvent associ\u00e9es<br>produire des l\u00e9gumes bio pour ma consommation\u2026<br>se rapprocher de la nature<br>cr\u00e9er du lien<br>faire une activit\u00e9 physique<br>lieu de formation, d\u2019\u00e9change et de rencontre\u2026<br>L\u2019exp\u00e9rience nous am\u00e8ne \u00e0 d\u00e9couvrir d\u2019autres domaines que celui du jardinage<\/p>\n\n\n\n<h2 class=\"has-text-align-center wp-block-heading\"><strong>Gouvernance<\/strong>, coll\u00e9giale<\/h2>\n\n\n\n<p class=\"has-text-align-center\">Cr\u00e9ation d\u2019une Association qui en d\u00e9finit les contours, les droits et les devoirs<br>Adh\u00e9sion li\u00e9e \u00e0 la signature d\u2019une charte et une p\u00e9riode probatoire permettant de se conna\u00eetre, <br>Nos s\u00e9ances sont programm\u00e9es le lundi apr\u00e8s-midi et le vendredi apr\u00e8s-midi dans la tranche horaire de 14h30 \u00e0 18h30 avec une r\u00e9gularit\u00e9 demand\u00e9e sur toute l\u2019ann\u00e9e (conditions qui excluent les vacanciers ou ceux qui ne s\u00e9journent que 4-6 mois par an)<br>Il n\u2019y a pas de r\u00e8gles bien d\u00e9finies sur les diff\u00e9rentes actions (pr\u00e9paration et amendement du sol, semis , r\u00e9coltes..) selon les qualit\u00e9s et les limites de chacun \/ Il n\u2019y a pas de r\u00e8gle bien d\u00e9finie pour les outils de jardinage<br>La r\u00e9colte est commune et partag\u00e9e \u00e9quitablement<br>Bilan financier pour l\u2019\u00e9quilibre des comptes (adh\u00e9sion, dons, subventions, d\u00e9penses de fonctionnement )<br>Respecter les r\u00e8gles de la Charte et de l\u2019Association<\/p>\n\n\n\n<h2 class=\"has-text-align-center wp-block-heading\"><strong>Pratique et observation<\/strong> selon les saisons<\/h2>\n\n\n\n<figure class=\"wp-block-image size-large\"><img loading=\"lazy\" decoding=\"async\" width=\"1024\" height=\"768\" src=\"http:\/\/xoqeuee.cluster028.hosting.ovh.net\/wp-content\/uploads\/2022\/04\/Culture-le-carre\u0301-des-courges-1024x768.png\" alt=\"\" class=\"wp-image-553\" srcset=\"https:\/\/stcojardin.fr\/wp-content\/uploads\/2022\/04\/Culture-le-carre\u0301-des-courges-1024x768.png 1024w, https:\/\/stcojardin.fr\/wp-content\/uploads\/2022\/04\/Culture-le-carre\u0301-des-courges-300x225.png 300w, https:\/\/stcojardin.fr\/wp-content\/uploads\/2022\/04\/Culture-le-carre\u0301-des-courges-768x576.png 768w, https:\/\/stcojardin.fr\/wp-content\/uploads\/2022\/04\/Culture-le-carre\u0301-des-courges-1536x1152.png 1536w, https:\/\/stcojardin.fr\/wp-content\/uploads\/2022\/04\/Culture-le-carre\u0301-des-courges-1800x1350.png 1800w, https:\/\/stcojardin.fr\/wp-content\/uploads\/2022\/04\/Culture-le-carre\u0301-des-courges.png 2048w\" sizes=\"auto, (max-width: 1024px) 100vw, 1024px\" \/><figcaption>A l&#8217;entr\u00e9e, la parcelle a \u00e9t\u00e9 intitul\u00e9e &#8220;carr\u00e9 des courges&#8221; pour la premi\u00e8re ann\u00e9e: par l&#8217;assolement, elle va perdre son nom   Les photos retracent  notre action pendant cette premi\u00e8re ann\u00e9e &#8211;<br>avec le d\u00e9frichage en avril 2021, <br>la pr\u00e9paration du terrain et les semis en mai 2021, <br>le d\u00e9veloppement des courges en juin 2021,<br> l&#8217;explosion de juin \u00e0 ao\u00fbt 2021,<br>la r\u00e9colte \u00e9chelonn\u00e9e d&#8217;ao\u00fbt \u00e0 octobre <br>la pr\u00e9paration du terrain en octobre 2021 pour les engrais verts sem\u00e9s &#8220;phac\u00e9lie, bardane, colza, moutarde..&#8221;  , le d\u00e9veloppement lent pour arriver en f\u00e9vrier \u00e0 un volume cons\u00e9quent<br>la pr\u00e9paration du terrain pour la nouvelle saison. <br><\/figcaption><\/figure>\n\n\n\n<figure class=\"wp-block-image size-large\"><img loading=\"lazy\" decoding=\"async\" width=\"1024\" height=\"768\" src=\"http:\/\/xoqeuee.cluster028.hosting.ovh.net\/wp-content\/uploads\/2022\/04\/carre\u0301-pommes-de-terre-2022-1024x768.jpeg\" alt=\"\" class=\"wp-image-555\" srcset=\"https:\/\/stcojardin.fr\/wp-content\/uploads\/2022\/04\/carre\u0301-pommes-de-terre-2022-1024x768.jpeg 1024w, https:\/\/stcojardin.fr\/wp-content\/uploads\/2022\/04\/carre\u0301-pommes-de-terre-2022-300x225.jpeg 300w, https:\/\/stcojardin.fr\/wp-content\/uploads\/2022\/04\/carre\u0301-pommes-de-terre-2022-768x576.jpeg 768w, https:\/\/stcojardin.fr\/wp-content\/uploads\/2022\/04\/carre\u0301-pommes-de-terre-2022-1536x1152.jpeg 1536w, https:\/\/stcojardin.fr\/wp-content\/uploads\/2022\/04\/carre\u0301-pommes-de-terre-2022-2048x1536.jpeg 2048w, https:\/\/stcojardin.fr\/wp-content\/uploads\/2022\/04\/carre\u0301-pommes-de-terre-2022-1800x1350.jpeg 1800w\" sizes=\"auto, (max-width: 1024px) 100vw, 1024px\" \/><figcaption>Et voil\u00e0 c&#8217;est reparti en Avril 2022 avec ce carr\u00e9 qui accueile des pommes de terre (Allianz, Charlotte et Ratte du Touquet) <br>en alternance avec des petits pois<\/figcaption><\/figure>\n\n\n\n<h2 class=\"has-text-align-center wp-block-heading\">Le design du jardin: \u00ab\u00a0observer et faire simple\u00a0\u00bb<\/h2>\n\n\n\n<figure class=\"wp-block-image size-large\"><img loading=\"lazy\" decoding=\"async\" width=\"1024\" height=\"911\" src=\"http:\/\/xoqeuee.cluster028.hosting.ovh.net\/wp-content\/uploads\/2022\/04\/design-1024x911.png\" alt=\"\" class=\"wp-image-556\" srcset=\"https:\/\/stcojardin.fr\/wp-content\/uploads\/2022\/04\/design-1024x911.png 1024w, https:\/\/stcojardin.fr\/wp-content\/uploads\/2022\/04\/design-300x267.png 300w, https:\/\/stcojardin.fr\/wp-content\/uploads\/2022\/04\/design-768x683.png 768w, https:\/\/stcojardin.fr\/wp-content\/uploads\/2022\/04\/design-1536x1366.png 1536w, https:\/\/stcojardin.fr\/wp-content\/uploads\/2022\/04\/design-1800x1601.png 1800w, https:\/\/stcojardin.fr\/wp-content\/uploads\/2022\/04\/design.png 1956w\" sizes=\"auto, (max-width: 1024px) 100vw, 1024px\" \/><figcaption>du premier plan \u00e0 la main, au deuxi\u00e8me plan \u00e0 l&#8217;\u00e9chelle du jardin <br>avec l&#8217;aboutissement les plantations pr\u00e9vues  pour 2022 pour chaque parcelle num\u00e9rot\u00e9 de 1 \u00e0 18 (\u00e0droite)<\/figcaption><\/figure>\n\n\n\n<div class=\"wp-block-media-text alignwide is-stacked-on-mobile\" style=\"grid-template-columns:69% auto\"><figure class=\"wp-block-media-text__media\"><img loading=\"lazy\" decoding=\"async\" width=\"1024\" height=\"768\" src=\"http:\/\/xoqeuee.cluster028.hosting.ovh.net\/wp-content\/uploads\/2022\/04\/vue-3D-1-1024x768.png\" alt=\"\" class=\"wp-image-558 size-full\" srcset=\"https:\/\/stcojardin.fr\/wp-content\/uploads\/2022\/04\/vue-3D-1-1024x768.png 1024w, https:\/\/stcojardin.fr\/wp-content\/uploads\/2022\/04\/vue-3D-1-300x225.png 300w, https:\/\/stcojardin.fr\/wp-content\/uploads\/2022\/04\/vue-3D-1-768x576.png 768w, https:\/\/stcojardin.fr\/wp-content\/uploads\/2022\/04\/vue-3D-1-1536x1152.png 1536w, https:\/\/stcojardin.fr\/wp-content\/uploads\/2022\/04\/vue-3D-1-1800x1350.png 1800w, https:\/\/stcojardin.fr\/wp-content\/uploads\/2022\/04\/vue-3D-1.png 2048w\" sizes=\"auto, (max-width: 1024px) 100vw, 1024px\" \/><\/figure><div class=\"wp-block-media-text__content\">\n<p style=\"font-size:21px\"><strong>Vue frontale et axiale (plan)<\/strong><\/p>\n\n\n\n<p>Vue de l&#8217;est du jardin avec la protection par les grands arbres, les buissons et ronciers, la haie s\u00e8che, pour la plantation des arbres fruitiers et de la vigne.<\/p>\n\n\n\n<p>Sur le plan , on voit bien l&#8217;ombre port\u00e9e future des arbres, les espaces ombrag\u00e9s et les espaces ensoleill\u00e9s pour le choix des plantes compagnes<\/p>\n<\/div><\/div>\n\n\n\n<h2 class=\"has-text-align-center wp-block-heading\">Au del\u00e0 du jardin<\/h2>\n\n\n\n<p class=\"has-text-align-center\" style=\"font-size:21px\"><strong><em>Les r\u00e8gles sont rehauss\u00e9es par l\u2019esprit qui les guide<\/em><\/strong><\/p>\n\n\n\n<p class=\"has-text-align-center\">Espace ouvert<br>\u00catre et faire ensemble<br>Cr\u00e9er du lien<br>Partager les savoirs , les connaissances<br>Prendre soin du jardin, c\u2019est prendre soin de soi<br>Lieu qui nous permette de bouger, de r\u00eaver et de faire des activit\u00e9s<br>\u00ab\u00a0Illusion cr\u00e9atrice\u00a0\u00bb \u00e0 laquelle nous participons \u00e0 hauteur d\u2019humain<br>Harmonie entre les \u00eatres humains, jardiniers et visiteurs<br>Communiquer et transmettre (objectifs p\u00e9dagogiques)<br>Bien-\u00eatre \u00ab\u00a0comme si dans ma t\u00eate, j\u2019avais un coin tranquille\u00a0\u00bb, cit\u00e9 par Marie Borne &#8211; hortith\u00e9rapie<\/p>\n\n\n\n<figure class=\"wp-block-image size-large\"><img loading=\"lazy\" decoding=\"async\" width=\"976\" height=\"466\" src=\"http:\/\/xoqeuee.cluster028.hosting.ovh.net\/wp-content\/uploads\/2022\/04\/illustrations-Plouharnel-copie.003-1.jpeg\" alt=\"\" class=\"wp-image-560\" srcset=\"https:\/\/stcojardin.fr\/wp-content\/uploads\/2022\/04\/illustrations-Plouharnel-copie.003-1.jpeg 976w, https:\/\/stcojardin.fr\/wp-content\/uploads\/2022\/04\/illustrations-Plouharnel-copie.003-1-300x143.jpeg 300w, https:\/\/stcojardin.fr\/wp-content\/uploads\/2022\/04\/illustrations-Plouharnel-copie.003-1-768x367.jpeg 768w\" sizes=\"auto, (max-width: 976px) 100vw, 976px\" \/><figcaption>un jardin fleuri participe \u00e0 la beaut\u00e9 du site, \u00e0 la pollinisation et au bien-\u00eatre<\/figcaption><\/figure>\n\n\n\n<figure class=\"wp-block-image size-large\"><img loading=\"lazy\" decoding=\"async\" width=\"983\" height=\"719\" src=\"http:\/\/xoqeuee.cluster028.hosting.ovh.net\/wp-content\/uploads\/2022\/04\/illustrations-Plouharnel-copie.007.jpeg\" alt=\"\" class=\"wp-image-561\" srcset=\"https:\/\/stcojardin.fr\/wp-content\/uploads\/2022\/04\/illustrations-Plouharnel-copie.007.jpeg 983w, https:\/\/stcojardin.fr\/wp-content\/uploads\/2022\/04\/illustrations-Plouharnel-copie.007-300x219.jpeg 300w, https:\/\/stcojardin.fr\/wp-content\/uploads\/2022\/04\/illustrations-Plouharnel-copie.007-768x562.jpeg 768w\" sizes=\"auto, (max-width: 983px) 100vw, 983px\" \/><figcaption>Les plus jeunes g\u00e9n\u00e9rations y participent et s&#8217;initient<\/figcaption><\/figure>\n\n\n\n<figure class=\"wp-block-gallery columns-1 is-cropped wp-block-gallery-1 is-layout-flex wp-block-gallery-is-layout-flex\"><ul class=\"blocks-gallery-grid\"><li class=\"blocks-gallery-item\"><figure><img loading=\"lazy\" decoding=\"async\" width=\"1005\" height=\"486\" src=\"http:\/\/xoqeuee.cluster028.hosting.ovh.net\/wp-content\/uploads\/2022\/04\/illustrations-Plouharnel-copie.011-2.jpeg\" alt=\"\" data-id=\"577\" data-full-url=\"http:\/\/xoqeuee.cluster028.hosting.ovh.net\/wp-content\/uploads\/2022\/04\/illustrations-Plouharnel-copie.011-2.jpeg\" data-link=\"http:\/\/xoqeuee.cluster028.hosting.ovh.net\/?attachment_id=577\" class=\"wp-image-577\" srcset=\"https:\/\/stcojardin.fr\/wp-content\/uploads\/2022\/04\/illustrations-Plouharnel-copie.011-2.jpeg 1005w, https:\/\/stcojardin.fr\/wp-content\/uploads\/2022\/04\/illustrations-Plouharnel-copie.011-2-300x145.jpeg 300w, https:\/\/stcojardin.fr\/wp-content\/uploads\/2022\/04\/illustrations-Plouharnel-copie.011-2-768x371.jpeg 768w\" sizes=\"auto, (max-width: 1005px) 100vw, 1005px\" \/><figcaption class=\"blocks-gallery-item__caption\">La production n&#8217;atteint pas toujours la taille de ces sp\u00e9cimens , courge, betterave rouge et radis noir&#8230;<\/figcaption><\/figure><\/li><\/ul><\/figure>\n\n\n\n<figure class=\"wp-block-image size-large\"><img loading=\"lazy\" decoding=\"async\" width=\"1024\" height=\"772\" src=\"http:\/\/xoqeuee.cluster028.hosting.ovh.net\/wp-content\/uploads\/2022\/04\/la-re\u0301colte-en-couleur-1024x772.png\" alt=\"\" class=\"wp-image-592\" srcset=\"https:\/\/stcojardin.fr\/wp-content\/uploads\/2022\/04\/la-re\u0301colte-en-couleur-1024x772.png 1024w, https:\/\/stcojardin.fr\/wp-content\/uploads\/2022\/04\/la-re\u0301colte-en-couleur-300x226.png 300w, https:\/\/stcojardin.fr\/wp-content\/uploads\/2022\/04\/la-re\u0301colte-en-couleur-768x579.png 768w, https:\/\/stcojardin.fr\/wp-content\/uploads\/2022\/04\/la-re\u0301colte-en-couleur-1536x1159.png 1536w, https:\/\/stcojardin.fr\/wp-content\/uploads\/2022\/04\/la-re\u0301colte-en-couleur-2048x1545.png 2048w, https:\/\/stcojardin.fr\/wp-content\/uploads\/2022\/04\/la-re\u0301colte-en-couleur-1800x1358.png 1800w\" sizes=\"auto, (max-width: 1024px) 100vw, 1024px\" \/><figcaption>la r\u00e9colte en couleur plus simplement<\/figcaption><\/figure>\n\n\n\n<figure class=\"wp-block-image size-large\"><img loading=\"lazy\" decoding=\"async\" width=\"972\" height=\"712\" src=\"http:\/\/xoqeuee.cluster028.hosting.ovh.net\/wp-content\/uploads\/2022\/04\/illustrations-Plouharnel-copie.008.jpeg\" alt=\"\" class=\"wp-image-562\" srcset=\"https:\/\/stcojardin.fr\/wp-content\/uploads\/2022\/04\/illustrations-Plouharnel-copie.008.jpeg 972w, https:\/\/stcojardin.fr\/wp-content\/uploads\/2022\/04\/illustrations-Plouharnel-copie.008-300x220.jpeg 300w, https:\/\/stcojardin.fr\/wp-content\/uploads\/2022\/04\/illustrations-Plouharnel-copie.008-768x563.jpeg 768w\" sizes=\"auto, (max-width: 972px) 100vw, 972px\" \/><figcaption>les \u00e9changes sont multiples avec un jeune agriculteur, Vincent qui  cultive du chanvre, avec un agriculteur de la Somme St\u00e9phane qui nous a conseill\u00e9 d&#8217;\u00e9tudier notre sol ce qui fut fait en mai 2021, avec la famille de Vony , l&#8217;ancienne propri\u00e9taire du terrain, avec les nouveaux adh\u00e9rents qui ne go\u00fbtent pas leur plaisir<\/figcaption><\/figure>\n\n\n\n<figure class=\"wp-block-image size-large\"><img loading=\"lazy\" decoding=\"async\" width=\"1024\" height=\"854\" src=\"http:\/\/xoqeuee.cluster028.hosting.ovh.net\/wp-content\/uploads\/2022\/04\/DSC07778-1024x854.jpeg\" alt=\"\" class=\"wp-image-565\" srcset=\"https:\/\/stcojardin.fr\/wp-content\/uploads\/2022\/04\/DSC07778-1024x854.jpeg 1024w, https:\/\/stcojardin.fr\/wp-content\/uploads\/2022\/04\/DSC07778-300x250.jpeg 300w, https:\/\/stcojardin.fr\/wp-content\/uploads\/2022\/04\/DSC07778-768x640.jpeg 768w, https:\/\/stcojardin.fr\/wp-content\/uploads\/2022\/04\/DSC07778-1536x1281.jpeg 1536w, https:\/\/stcojardin.fr\/wp-content\/uploads\/2022\/04\/DSC07778-2048x1708.jpeg 2048w, https:\/\/stcojardin.fr\/wp-content\/uploads\/2022\/04\/DSC07778-1800x1501.jpeg 1800w\" sizes=\"auto, (max-width: 1024px) 100vw, 1024px\" \/><figcaption>Notre environnement se situe dans une zone Natura 2000, o\u00f9 les efforts de tous sont requis , pour la lutte antibaccharis et la pr\u00e9servation de la biodiversit\u00e9, avec cet exemple de Sabine qui  aide \u00e0 l&#8217;arrachage des baccharis dans des zones inaccessibles avec son cheval<\/figcaption><\/figure>\n\n\n\n<figure class=\"wp-block-image size-large\"><img loading=\"lazy\" decoding=\"async\" width=\"1024\" height=\"683\" src=\"http:\/\/xoqeuee.cluster028.hosting.ovh.net\/wp-content\/uploads\/2022\/04\/image-1024x683.png\" alt=\"\" class=\"wp-image-563\" srcset=\"https:\/\/stcojardin.fr\/wp-content\/uploads\/2022\/04\/image-1024x683.png 1024w, https:\/\/stcojardin.fr\/wp-content\/uploads\/2022\/04\/image-300x200.png 300w, https:\/\/stcojardin.fr\/wp-content\/uploads\/2022\/04\/image-768x512.png 768w, https:\/\/stcojardin.fr\/wp-content\/uploads\/2022\/04\/image.png 1086w\" sizes=\"auto, (max-width: 1024px) 100vw, 1024px\" \/><figcaption>Ce d\u00e9frichage permet la mise en valeur des murets recouvertes de roncier<\/figcaption><\/figure>\n\n\n\n<figure class=\"wp-block-gallery columns-3 is-cropped wp-block-gallery-2 is-layout-flex wp-block-gallery-is-layout-flex\"><ul class=\"blocks-gallery-grid\"><li class=\"blocks-gallery-item\"><figure><img loading=\"lazy\" decoding=\"async\" width=\"1024\" height=\"683\" src=\"http:\/\/xoqeuee.cluster028.hosting.ovh.net\/wp-content\/uploads\/2022\/04\/Havre-de-paix-1024x683.jpeg\" alt=\"\" data-id=\"567\" data-full-url=\"http:\/\/xoqeuee.cluster028.hosting.ovh.net\/wp-content\/uploads\/2022\/04\/Havre-de-paix-scaled.jpeg\" data-link=\"http:\/\/xoqeuee.cluster028.hosting.ovh.net\/?attachment_id=567\" class=\"wp-image-567\" srcset=\"https:\/\/stcojardin.fr\/wp-content\/uploads\/2022\/04\/Havre-de-paix-1024x683.jpeg 1024w, https:\/\/stcojardin.fr\/wp-content\/uploads\/2022\/04\/Havre-de-paix-300x200.jpeg 300w, https:\/\/stcojardin.fr\/wp-content\/uploads\/2022\/04\/Havre-de-paix-768x512.jpeg 768w, https:\/\/stcojardin.fr\/wp-content\/uploads\/2022\/04\/Havre-de-paix-1536x1024.jpeg 1536w, https:\/\/stcojardin.fr\/wp-content\/uploads\/2022\/04\/Havre-de-paix-2048x1365.jpeg 2048w, https:\/\/stcojardin.fr\/wp-content\/uploads\/2022\/04\/Havre-de-paix-1800x1200.jpeg 1800w\" sizes=\"auto, (max-width: 1024px) 100vw, 1024px\" \/><figcaption class=\"blocks-gallery-item__caption\">l&#8217;espace de convivialit\u00e9<\/figcaption><\/figure><\/li><li class=\"blocks-gallery-item\"><figure><img loading=\"lazy\" decoding=\"async\" width=\"1024\" height=\"683\" src=\"http:\/\/xoqeuee.cluster028.hosting.ovh.net\/wp-content\/uploads\/2022\/04\/La-fontaine-1024x683.jpeg\" alt=\"\" data-id=\"566\" data-full-url=\"http:\/\/xoqeuee.cluster028.hosting.ovh.net\/wp-content\/uploads\/2022\/04\/La-fontaine-scaled.jpeg\" data-link=\"http:\/\/xoqeuee.cluster028.hosting.ovh.net\/?attachment_id=566\" class=\"wp-image-566\" srcset=\"https:\/\/stcojardin.fr\/wp-content\/uploads\/2022\/04\/La-fontaine-1024x683.jpeg 1024w, https:\/\/stcojardin.fr\/wp-content\/uploads\/2022\/04\/La-fontaine-300x200.jpeg 300w, https:\/\/stcojardin.fr\/wp-content\/uploads\/2022\/04\/La-fontaine-768x512.jpeg 768w, https:\/\/stcojardin.fr\/wp-content\/uploads\/2022\/04\/La-fontaine-1536x1024.jpeg 1536w, https:\/\/stcojardin.fr\/wp-content\/uploads\/2022\/04\/La-fontaine-2048x1365.jpeg 2048w, https:\/\/stcojardin.fr\/wp-content\/uploads\/2022\/04\/La-fontaine-1800x1200.jpeg 1800w\" sizes=\"auto, (max-width: 1024px) 100vw, 1024px\" \/><figcaption class=\"blocks-gallery-item__caption\">la fontaine myst\u00e9rieuse<\/figcaption><\/figure><\/li><li class=\"blocks-gallery-item\"><figure><img loading=\"lazy\" decoding=\"async\" width=\"433\" height=\"276\" src=\"http:\/\/xoqeuee.cluster028.hosting.ovh.net\/wp-content\/uploads\/2022\/04\/illustrations-Plouharnel-copie.006-1.jpeg\" alt=\"\" data-id=\"579\" data-full-url=\"http:\/\/xoqeuee.cluster028.hosting.ovh.net\/wp-content\/uploads\/2022\/04\/illustrations-Plouharnel-copie.006-1.jpeg\" data-link=\"http:\/\/xoqeuee.cluster028.hosting.ovh.net\/?attachment_id=579\" class=\"wp-image-579\" srcset=\"https:\/\/stcojardin.fr\/wp-content\/uploads\/2022\/04\/illustrations-Plouharnel-copie.006-1.jpeg 433w, https:\/\/stcojardin.fr\/wp-content\/uploads\/2022\/04\/illustrations-Plouharnel-copie.006-1-300x191.jpeg 300w\" sizes=\"auto, (max-width: 433px) 100vw, 433px\" \/><figcaption class=\"blocks-gallery-item__caption\">le champ de chanvre<\/figcaption><\/figure><\/li><\/ul><\/figure>\n\n\n\n<div class=\"wp-block-media-text alignwide is-stacked-on-mobile\" style=\"grid-template-columns:54% auto\"><figure class=\"wp-block-media-text__media\"><img decoding=\"async\" src=\"blob:http:\/\/xoqeuee.cluster028.hosting.ovh.net\/7ce8a3bb-00e3-413d-9489-8efe7b153875\" alt=\"\"\/><\/figure><div class=\"wp-block-media-text__content\">\n<p style=\"font-size:23px\">Le jardin est une mani\u00e8re de comprendre la nature et son environnement, de ne pas se situer au-dessus, comme tout puissant, mais au m\u00eame niveau respectueux de tous qui nous permettent de vivre ensemble <\/p>\n<\/div><\/div>\n\n\n\n<p class=\"has-text-align-center\">Nous souhaitons \u00e0 Plouharnel de vivre cette exp\u00e9rience&#8230;..<\/p>\n","protected":false},"excerpt":{"rendered":"<p>Nous avons \u00e9t\u00e9 invit\u00e9s par la Mairie de Plouharnel , Mme Chantal Le Bihan , l&#8217;adjointe au maire Mme Annick Pinard et le fr\u00e8re Pierre\u2011Marie Jourdan \u00e0 partager notre exp\u00e9rience du JardinStCo cr\u00e9\u00e9e en 2021 [&#8230;]<\/p>\n","protected":false},"author":3,"featured_media":0,"parent":0,"menu_order":0,"comment_status":"closed","ping_status":"closed","template":"","meta":{"footnotes":""},"class_list":["post-551","page","type-page","status-publish","hentry"],"_links":{"self":[{"href":"https:\/\/stcojardin.fr\/index.php\/wp-json\/wp\/v2\/pages\/551","targetHints":{"allow":["GET"]}}],"collection":[{"href":"https:\/\/stcojardin.fr\/index.php\/wp-json\/wp\/v2\/pages"}],"about":[{"href":"https:\/\/stcojardin.fr\/index.php\/wp-json\/wp\/v2\/types\/page"}],"author":[{"embeddable":true,"href":"https:\/\/stcojardin.fr\/index.php\/wp-json\/wp\/v2\/users\/3"}],"replies":[{"embeddable":true,"href":"https:\/\/stcojardin.fr\/index.php\/wp-json\/wp\/v2\/comments?post=551"}],"version-history":[{"count":1,"href":"https:\/\/stcojardin.fr\/index.php\/wp-json\/wp\/v2\/pages\/551\/revisions"}],"predecessor-version":[{"id":595,"href":"https:\/\/stcojardin.fr\/index.php\/wp-json\/wp\/v2\/pages\/551\/revisions\/595"}],"wp:attachment":[{"href":"https:\/\/stcojardin.fr\/index.php\/wp-json\/wp\/v2\/media?parent=551"}],"curies":[{"name":"wp","href":"https:\/\/api.w.org\/{rel}","templated":true}]}}