{"id":8,"date":"2021-07-08T15:47:21","date_gmt":"2021-07-08T13:47:21","guid":{"rendered":"http:\/\/xoqeuee.cluster028.hosting.ovh.net\/?page_id=8"},"modified":"2022-04-01T16:15:30","modified_gmt":"2022-04-01T14:15:30","slug":"contact","status":"publish","type":"page","link":"https:\/\/stcojardin.fr\/index.php\/contact\/","title":{"rendered":"Contact"},"content":{"rendered":"\n<p>Pour tout renseignement, veuillez vous adresser par messagerie \u00e0 l&#8217;adresse suivante:  <em><strong><span class=\"has-inline-color has-contrast-color\">StCoJardin@gmail.com<\/span><\/strong><\/em><\/p>\n\n\n\n<p>Le jardin ne se visite que deux apr\u00e8s-midi par semaine, le lundi et le vendredi, les jours d&#8217;activit\u00e9 dans le jardin de 14h30 \u00e0 18h30.<\/p>\n\n\n\n<p>Pour toute visite de groupe, merci de nous pr\u00e9venir: si vous souhaitez le faire en  dehors des tranches horaires propos\u00e9es, contactez nous. <\/p>\n","protected":false},"excerpt":{"rendered":"<p>Pour tout renseignement, veuillez vous adresser par messagerie \u00e0 l&#8217;adresse suivante: StCoJardin@gmail.com Le jardin ne se visite que deux apr\u00e8s-midi par semaine, le lundi et le vendredi, les jours d&#8217;activit\u00e9 dans le jardin de 14h30 [&#8230;]<\/p>\n","protected":false},"author":1,"featured_media":0,"parent":0,"menu_order":0,"comment_status":"closed","ping_status":"closed","template":"","meta":{"footnotes":""},"class_list":["post-8","page","type-page","status-publish","hentry"],"_links":{"self":[{"href":"https:\/\/stcojardin.fr\/index.php\/wp-json\/wp\/v2\/pages\/8","targetHints":{"allow":["GET"]}}],"collection":[{"href":"https:\/\/stcojardin.fr\/index.php\/wp-json\/wp\/v2\/pages"}],"about":[{"href":"https:\/\/stcojardin.fr\/index.php\/wp-json\/wp\/v2\/types\/page"}],"author":[{"embeddable":true,"href":"https:\/\/stcojardin.fr\/index.php\/wp-json\/wp\/v2\/users\/1"}],"replies":[{"embeddable":true,"href":"https:\/\/stcojardin.fr\/index.php\/wp-json\/wp\/v2\/comments?post=8"}],"version-history":[{"count":4,"href":"https:\/\/stcojardin.fr\/index.php\/wp-json\/wp\/v2\/pages\/8\/revisions"}],"predecessor-version":[{"id":515,"href":"https:\/\/stcojardin.fr\/index.php\/wp-json\/wp\/v2\/pages\/8\/revisions\/515"}],"wp:attachment":[{"href":"https:\/\/stcojardin.fr\/index.php\/wp-json\/wp\/v2\/media?parent=8"}],"curies":[{"name":"wp","href":"https:\/\/api.w.org\/{rel}","templated":true}]}}